{"id":539,"date":"2022-06-26T17:33:04","date_gmt":"2022-06-26T15:33:04","guid":{"rendered":"http:\/\/magdalenakedzia.pl\/?page_id=539"},"modified":"2022-07-20T08:32:07","modified_gmt":"2022-07-20T06:32:07","slug":"blog","status":"publish","type":"page","link":"https:\/\/magdalenakedzia.pl\/index.php\/blog\/","title":{"rendered":"Blog"},"content":{"rendered":"\t\t<div data-elementor-type=\"wp-page\" data-elementor-id=\"539\" class=\"elementor elementor-539\" data-elementor-post-type=\"page\">\n\t\t\t\t\t\t<section class=\"elementor-section elementor-top-section elementor-element elementor-element-6a0577a elementor-section-boxed elementor-section-height-default elementor-section-height-default\" data-id=\"6a0577a\" data-element_type=\"section\" data-settings=\"{&quot;background_background&quot;:&quot;classic&quot;}\">\n\t\t\t\t\t\t<div class=\"elementor-container elementor-column-gap-default\">\n\t\t\t\t\t<div class=\"elementor-column elementor-col-100 elementor-top-column elementor-element elementor-element-ae05ba7\" data-id=\"ae05ba7\" data-element_type=\"column\">\n\t\t\t<div class=\"elementor-widget-wrap elementor-element-populated\">\n\t\t\t\t\t\t<div class=\"elementor-element elementor-element-a1c36ac elementor-widget elementor-widget-elementskit-heading\" data-id=\"a1c36ac\" data-element_type=\"widget\" data-widget_type=\"elementskit-heading.default\">\n\t\t\t\t<div class=\"elementor-widget-container\">\n\t\t\t\t\t<div class=\"ekit-wid-con\" ><div class=\"ekit-heading elementskit-section-title-wraper text_left   ekit_heading_tablet-   ekit_heading_mobile-\"><h2 class=\"ekit-heading--title elementskit-section-title \">BLOG<\/h2><\/div><\/div>\t\t\t\t<\/div>\n\t\t\t\t<\/div>\n\t\t\t\t\t<\/div>\n\t\t<\/div>\n\t\t\t\t\t<\/div>\n\t\t<\/section>\n\t\t\t\t<section class=\"elementor-section elementor-top-section elementor-element elementor-element-33678397 elementor-section-boxed elementor-section-height-default elementor-section-height-default\" data-id=\"33678397\" data-element_type=\"section\">\n\t\t\t\t\t\t\t<div class=\"elementor-background-overlay\"><\/div>\n\t\t\t\t\t\t\t<div class=\"elementor-container elementor-column-gap-default\">\n\t\t\t\t\t<div class=\"elementor-column elementor-col-100 elementor-top-column elementor-element elementor-element-7d517f38\" data-id=\"7d517f38\" data-element_type=\"column\">\n\t\t\t<div class=\"elementor-widget-wrap elementor-element-populated\">\n\t\t\t\t\t\t<div class=\"elementor-element elementor-element-5e2abaa elementor-widget elementor-widget-elementskit-heading\" data-id=\"5e2abaa\" data-element_type=\"widget\" data-widget_type=\"elementskit-heading.default\">\n\t\t\t\t<div class=\"elementor-widget-container\">\n\t\t\t\t\t<div class=\"ekit-wid-con\" ><div class=\"ekit-heading elementskit-section-title-wraper text_left   ekit_heading_tablet-   ekit_heading_mobile-\"><h2 class=\"ekit-heading--title elementskit-section-title \"><span><span>eMKa Magdalena K\u0119dzia <\/span><\/span> mentor coach trener \u2013 tw\u00f3j partner w rozwoju<\/h2><\/div><\/div>\t\t\t\t<\/div>\n\t\t\t\t<\/div>\n\t\t\t\t<div class=\"elementor-element elementor-element-7fd2e85 elementor-widget elementor-widget-spacer\" data-id=\"7fd2e85\" data-element_type=\"widget\" data-widget_type=\"spacer.default\">\n\t\t\t\t<div class=\"elementor-widget-container\">\n\t\t\t\t\t\t\t<div class=\"elementor-spacer\">\n\t\t\t<div class=\"elementor-spacer-inner\"><\/div>\n\t\t<\/div>\n\t\t\t\t\t\t<\/div>\n\t\t\t\t<\/div>\n\t\t\t\t<div class=\"elementor-element elementor-element-99735bb elementor-grid-2 elementor-grid-tablet-2 elementor-grid-mobile-1 elementor-posts--thumbnail-top elementor-posts--show-avatar elementor-card-shadow-yes elementor-posts__hover-gradient elementor-widget elementor-widget-posts\" data-id=\"99735bb\" data-element_type=\"widget\" data-settings=\"{&quot;cards_columns&quot;:&quot;2&quot;,&quot;cards_row_gap&quot;:{&quot;unit&quot;:&quot;px&quot;,&quot;size&quot;:41,&quot;sizes&quot;:[]},&quot;cards_masonry&quot;:&quot;yes&quot;,&quot;cards_columns_tablet&quot;:&quot;2&quot;,&quot;cards_columns_mobile&quot;:&quot;1&quot;,&quot;cards_row_gap_tablet&quot;:{&quot;unit&quot;:&quot;px&quot;,&quot;size&quot;:&quot;&quot;,&quot;sizes&quot;:[]},&quot;cards_row_gap_mobile&quot;:{&quot;unit&quot;:&quot;px&quot;,&quot;size&quot;:&quot;&quot;,&quot;sizes&quot;:[]}}\" data-widget_type=\"posts.cards\">\n\t\t\t\t<div class=\"elementor-widget-container\">\n\t\t\t\t\t\t\t<div class=\"elementor-posts-container elementor-posts elementor-posts--skin-cards elementor-grid\" role=\"list\">\n\t\t\t\t<article class=\"elementor-post elementor-grid-item post-831 post type-post status-publish format-standard has-post-thumbnail hentry category-bez-kategorii\" role=\"listitem\">\n\t\t\t<div class=\"elementor-post__card\">\n\t\t\t\t<a class=\"elementor-post__thumbnail__link\" href=\"https:\/\/magdalenakedzia.pl\/index.php\/2022\/07\/14\/3-wskazowki-jak-tworzyc-skuteczne-portfolio-trenera-biznesu\/\" tabindex=\"-1\" ><div class=\"elementor-post__thumbnail\"><img fetchpriority=\"high\" decoding=\"async\" width=\"800\" height=\"671\" src=\"https:\/\/magdalenakedzia.pl\/wp-content\/uploads\/2022\/07\/3-zasady-portfolio-trenera.png\" class=\"attachment-large size-large wp-image-833\" alt=\"\" srcset=\"https:\/\/magdalenakedzia.pl\/wp-content\/uploads\/2022\/07\/3-zasady-portfolio-trenera.png 940w, https:\/\/magdalenakedzia.pl\/wp-content\/uploads\/2022\/07\/3-zasady-portfolio-trenera-300x251.png 300w, https:\/\/magdalenakedzia.pl\/wp-content\/uploads\/2022\/07\/3-zasady-portfolio-trenera-768x644.png 768w\" sizes=\"(max-width: 800px) 100vw, 800px\" \/><\/div><\/a>\n\t\t\t\t<div class=\"elementor-post__avatar\">\n\t\t\t<img alt='admin' src='https:\/\/secure.gravatar.com\/avatar\/77c75116b90eae1cbaf3f5a698b644643b850c29bf9b83e620380bc199e33296?s=128&#038;d=mm&#038;r=g' srcset='https:\/\/secure.gravatar.com\/avatar\/77c75116b90eae1cbaf3f5a698b644643b850c29bf9b83e620380bc199e33296?s=256&#038;d=mm&#038;r=g 2x' class='avatar avatar-128 photo' height='128' width='128' \/>\t\t<\/div>\n\t\t\t\t<div class=\"elementor-post__text\">\n\t\t\t\t<h3 class=\"elementor-post__title\">\n\t\t\t<a href=\"https:\/\/magdalenakedzia.pl\/index.php\/2022\/07\/14\/3-wskazowki-jak-tworzyc-skuteczne-portfolio-trenera-biznesu\/\" >\n\t\t\t\t3 wskaz\u00f3wki jak tworzy\u0107 skuteczne portfolio trenera biznesu\t\t\t<\/a>\n\t\t<\/h3>\n\t\t\t\t<div class=\"elementor-post__excerpt\">\n\t\t\t<p>3 wskaz\u00f3wki jak tworzy\u0107 skuteczne portfolio trenera biznesu Spraw\u0105 oczywist\u0105 jest, \u017ce w portfolio trenerskim nale\u017cy opisa\u0107 swoje wykszta\u0142cenie. I jak zwykle diabe\u0142 tkwi w<\/p>\n\t\t<\/div>\n\t\t\n\t\t<a class=\"elementor-post__read-more\" href=\"https:\/\/magdalenakedzia.pl\/index.php\/2022\/07\/14\/3-wskazowki-jak-tworzyc-skuteczne-portfolio-trenera-biznesu\/\" aria-label=\"Read more about 3 wskaz\u00f3wki jak tworzy\u0107 skuteczne portfolio trenera biznesu\" tabindex=\"-1\" >\n\t\t\tCzytaj wi\u0119cej \u00bb\t\t<\/a>\n\n\t\t\t\t<\/div>\n\t\t\t\t<div class=\"elementor-post__meta-data\">\n\t\t\t\t\t<span class=\"elementor-post-date\">\n\t\t\t14 lipca 2022\t\t<\/span>\n\t\t\t\t<span class=\"elementor-post-avatar\">\n\t\t\tBrak komentarzy\t\t<\/span>\n\t\t\t\t<\/div>\n\t\t\t\t\t<\/div>\n\t\t<\/article>\n\t\t\t\t<article class=\"elementor-post elementor-grid-item post-824 post type-post status-publish format-standard has-post-thumbnail hentry category-bez-kategorii\" role=\"listitem\">\n\t\t\t<div class=\"elementor-post__card\">\n\t\t\t\t<a class=\"elementor-post__thumbnail__link\" href=\"https:\/\/magdalenakedzia.pl\/index.php\/2022\/07\/14\/menadzer-pod-sciana\/\" tabindex=\"-1\" ><div class=\"elementor-post__thumbnail\"><img decoding=\"async\" width=\"800\" height=\"671\" src=\"https:\/\/magdalenakedzia.pl\/wp-content\/uploads\/2022\/07\/menadzer-pod-sciana.png\" class=\"attachment-large size-large wp-image-829\" alt=\"\" srcset=\"https:\/\/magdalenakedzia.pl\/wp-content\/uploads\/2022\/07\/menadzer-pod-sciana.png 940w, https:\/\/magdalenakedzia.pl\/wp-content\/uploads\/2022\/07\/menadzer-pod-sciana-300x251.png 300w, https:\/\/magdalenakedzia.pl\/wp-content\/uploads\/2022\/07\/menadzer-pod-sciana-768x644.png 768w\" sizes=\"(max-width: 800px) 100vw, 800px\" \/><\/div><\/a>\n\t\t\t\t<div class=\"elementor-post__avatar\">\n\t\t\t<img alt='admin' src='https:\/\/secure.gravatar.com\/avatar\/77c75116b90eae1cbaf3f5a698b644643b850c29bf9b83e620380bc199e33296?s=128&#038;d=mm&#038;r=g' srcset='https:\/\/secure.gravatar.com\/avatar\/77c75116b90eae1cbaf3f5a698b644643b850c29bf9b83e620380bc199e33296?s=256&#038;d=mm&#038;r=g 2x' class='avatar avatar-128 photo' height='128' width='128' \/>\t\t<\/div>\n\t\t\t\t<div class=\"elementor-post__text\">\n\t\t\t\t<h3 class=\"elementor-post__title\">\n\t\t\t<a href=\"https:\/\/magdalenakedzia.pl\/index.php\/2022\/07\/14\/menadzer-pod-sciana\/\" >\n\t\t\t\tMENAD\u017bER POD \u015aCIAN\u0104?\t\t\t<\/a>\n\t\t<\/h3>\n\t\t\t\t<div class=\"elementor-post__excerpt\">\n\t\t\t<p>MENAD\u017bER POD \u015aCIAN\u0104? Po wielu godzinach sp\u0119dzonych na sesjach indywidualnych mentoringowych z menad\u017cerami&nbsp; dochodz\u0119 do wniosku, \u017ce zarz\u0105dzanie zespo\u0142em to praca w kt\u00f3rej lider cz\u0119sto<\/p>\n\t\t<\/div>\n\t\t\n\t\t<a class=\"elementor-post__read-more\" href=\"https:\/\/magdalenakedzia.pl\/index.php\/2022\/07\/14\/menadzer-pod-sciana\/\" aria-label=\"Read more about MENAD\u017bER POD \u015aCIAN\u0104?\" tabindex=\"-1\" >\n\t\t\tCzytaj wi\u0119cej \u00bb\t\t<\/a>\n\n\t\t\t\t<\/div>\n\t\t\t\t<div class=\"elementor-post__meta-data\">\n\t\t\t\t\t<span class=\"elementor-post-date\">\n\t\t\t14 lipca 2022\t\t<\/span>\n\t\t\t\t<span class=\"elementor-post-avatar\">\n\t\t\tBrak komentarzy\t\t<\/span>\n\t\t\t\t<\/div>\n\t\t\t\t\t<\/div>\n\t\t<\/article>\n\t\t\t\t<article class=\"elementor-post elementor-grid-item post-809 post type-post status-publish format-standard has-post-thumbnail hentry category-bez-kategorii\" role=\"listitem\">\n\t\t\t<div class=\"elementor-post__card\">\n\t\t\t\t<a class=\"elementor-post__thumbnail__link\" href=\"https:\/\/magdalenakedzia.pl\/index.php\/2022\/07\/14\/jak-dokonac-trafnego-wyboru-kandydata-na-kluczowe-stanowisko-w-firmie\/\" tabindex=\"-1\" ><div class=\"elementor-post__thumbnail\"><img decoding=\"async\" width=\"800\" height=\"800\" src=\"https:\/\/magdalenakedzia.pl\/wp-content\/uploads\/2022\/06\/Free-Assessment-Coaching-Ad-1024x1024.jpg\" class=\"attachment-large size-large wp-image-709\" alt=\"\" srcset=\"https:\/\/magdalenakedzia.pl\/wp-content\/uploads\/2022\/06\/Free-Assessment-Coaching-Ad-1024x1024.jpg 1024w, https:\/\/magdalenakedzia.pl\/wp-content\/uploads\/2022\/06\/Free-Assessment-Coaching-Ad-300x300.jpg 300w, https:\/\/magdalenakedzia.pl\/wp-content\/uploads\/2022\/06\/Free-Assessment-Coaching-Ad-150x150.jpg 150w, https:\/\/magdalenakedzia.pl\/wp-content\/uploads\/2022\/06\/Free-Assessment-Coaching-Ad-768x768.jpg 768w, https:\/\/magdalenakedzia.pl\/wp-content\/uploads\/2022\/06\/Free-Assessment-Coaching-Ad.jpg 1080w\" sizes=\"(max-width: 800px) 100vw, 800px\" \/><\/div><\/a>\n\t\t\t\t<div class=\"elementor-post__avatar\">\n\t\t\t<img alt='admin' src='https:\/\/secure.gravatar.com\/avatar\/77c75116b90eae1cbaf3f5a698b644643b850c29bf9b83e620380bc199e33296?s=128&#038;d=mm&#038;r=g' srcset='https:\/\/secure.gravatar.com\/avatar\/77c75116b90eae1cbaf3f5a698b644643b850c29bf9b83e620380bc199e33296?s=256&#038;d=mm&#038;r=g 2x' class='avatar avatar-128 photo' height='128' width='128' \/>\t\t<\/div>\n\t\t\t\t<div class=\"elementor-post__text\">\n\t\t\t\t<h3 class=\"elementor-post__title\">\n\t\t\t<a href=\"https:\/\/magdalenakedzia.pl\/index.php\/2022\/07\/14\/jak-dokonac-trafnego-wyboru-kandydata-na-kluczowe-stanowisko-w-firmie\/\" >\n\t\t\t\tJak dokona\u0107 trafnego wyboru kandydata na kluczowe stanowisko w firmie?\t\t\t<\/a>\n\t\t<\/h3>\n\t\t\t\t<div class=\"elementor-post__excerpt\">\n\t\t\t<p>Jak dokona\u0107 trafnego wyboru kandydata na kluczowe stanowisko w firmie? Jak dokona\u0107 trafnego wyboru kandydata? To\u00a0 pytanie, kt\u00f3re cz\u0119sto zadaj\u0105 sobie osoby odpowiedzialne za rekrutacj\u0119<\/p>\n\t\t<\/div>\n\t\t\n\t\t<a class=\"elementor-post__read-more\" href=\"https:\/\/magdalenakedzia.pl\/index.php\/2022\/07\/14\/jak-dokonac-trafnego-wyboru-kandydata-na-kluczowe-stanowisko-w-firmie\/\" aria-label=\"Read more about Jak dokona\u0107 trafnego wyboru kandydata na kluczowe stanowisko w firmie?\" tabindex=\"-1\" >\n\t\t\tCzytaj wi\u0119cej \u00bb\t\t<\/a>\n\n\t\t\t\t<\/div>\n\t\t\t\t<div class=\"elementor-post__meta-data\">\n\t\t\t\t\t<span class=\"elementor-post-date\">\n\t\t\t14 lipca 2022\t\t<\/span>\n\t\t\t\t<span class=\"elementor-post-avatar\">\n\t\t\tBrak komentarzy\t\t<\/span>\n\t\t\t\t<\/div>\n\t\t\t\t\t<\/div>\n\t\t<\/article>\n\t\t\t\t<article class=\"elementor-post elementor-grid-item post-549 post type-post status-publish format-standard has-post-thumbnail hentry category-bez-kategorii\" role=\"listitem\">\n\t\t\t<div class=\"elementor-post__card\">\n\t\t\t\t<a class=\"elementor-post__thumbnail__link\" href=\"https:\/\/magdalenakedzia.pl\/index.php\/2022\/06\/26\/zamki-z-piasku-czy-trwala-zmiana\/\" tabindex=\"-1\" ><div class=\"elementor-post__thumbnail\"><img loading=\"lazy\" decoding=\"async\" width=\"800\" height=\"671\" src=\"https:\/\/magdalenakedzia.pl\/wp-content\/uploads\/2022\/06\/Zamki-z-piasku-czy-trwala-zmiana.jpg\" class=\"attachment-large size-large wp-image-815\" alt=\"\" srcset=\"https:\/\/magdalenakedzia.pl\/wp-content\/uploads\/2022\/06\/Zamki-z-piasku-czy-trwala-zmiana.jpg 940w, https:\/\/magdalenakedzia.pl\/wp-content\/uploads\/2022\/06\/Zamki-z-piasku-czy-trwala-zmiana-300x251.jpg 300w, https:\/\/magdalenakedzia.pl\/wp-content\/uploads\/2022\/06\/Zamki-z-piasku-czy-trwala-zmiana-768x644.jpg 768w\" sizes=\"(max-width: 800px) 100vw, 800px\" \/><\/div><\/a>\n\t\t\t\t<div class=\"elementor-post__avatar\">\n\t\t\t<img alt='admin' src='https:\/\/secure.gravatar.com\/avatar\/77c75116b90eae1cbaf3f5a698b644643b850c29bf9b83e620380bc199e33296?s=128&#038;d=mm&#038;r=g' srcset='https:\/\/secure.gravatar.com\/avatar\/77c75116b90eae1cbaf3f5a698b644643b850c29bf9b83e620380bc199e33296?s=256&#038;d=mm&#038;r=g 2x' class='avatar avatar-128 photo' height='128' width='128' \/>\t\t<\/div>\n\t\t\t\t<div class=\"elementor-post__text\">\n\t\t\t\t<h3 class=\"elementor-post__title\">\n\t\t\t<a href=\"https:\/\/magdalenakedzia.pl\/index.php\/2022\/06\/26\/zamki-z-piasku-czy-trwala-zmiana\/\" >\n\t\t\t\tZamki z piasku czy trwa\u0142a zmiana?\t\t\t<\/a>\n\t\t<\/h3>\n\t\t\t\t<div class=\"elementor-post__excerpt\">\n\t\t\t<p>Zamki z piasku czy trwa\u0142a zmiana? Rzeczywisto\u015b\u0107 VUKA stawia przed nami wszystkimi liczne trudno\u015bci, kwestionuj\u0105c nasze dotychczasowe cele i priorytety. Szybkie i cz\u0119ste zmiany w<\/p>\n\t\t<\/div>\n\t\t\n\t\t<a class=\"elementor-post__read-more\" href=\"https:\/\/magdalenakedzia.pl\/index.php\/2022\/06\/26\/zamki-z-piasku-czy-trwala-zmiana\/\" aria-label=\"Read more about Zamki z piasku czy trwa\u0142a zmiana?\" tabindex=\"-1\" >\n\t\t\tCzytaj wi\u0119cej \u00bb\t\t<\/a>\n\n\t\t\t\t<\/div>\n\t\t\t\t<div class=\"elementor-post__meta-data\">\n\t\t\t\t\t<span class=\"elementor-post-date\">\n\t\t\t26 czerwca 2022\t\t<\/span>\n\t\t\t\t<span class=\"elementor-post-avatar\">\n\t\t\tBrak komentarzy\t\t<\/span>\n\t\t\t\t<\/div>\n\t\t\t\t\t<\/div>\n\t\t<\/article>\n\t\t\t\t<\/div>\n\t\t\n\t\t\t\t\t\t<\/div>\n\t\t\t\t<\/div>\n\t\t\t\t\t<\/div>\n\t\t<\/div>\n\t\t\t\t\t<\/div>\n\t\t<\/section>\n\t\t\t\t<\/div>\n\t\t","protected":false},"excerpt":{"rendered":"<p>BLOG eMKa Magdalena K\u0119dzia mentor coach trener \u2013 tw\u00f3j partner w rozwoju<\/p>\n","protected":false},"author":1,"featured_media":0,"parent":0,"menu_order":0,"comment_status":"closed","ping_status":"closed","template":"","meta":{"footnotes":""},"class_list":["post-539","page","type-page","status-publish","hentry"],"_links":{"self":[{"href":"https:\/\/magdalenakedzia.pl\/index.php\/wp-json\/wp\/v2\/pages\/539","targetHints":{"allow":["GET"]}}],"collection":[{"href":"https:\/\/magdalenakedzia.pl\/index.php\/wp-json\/wp\/v2\/pages"}],"about":[{"href":"https:\/\/magdalenakedzia.pl\/index.php\/wp-json\/wp\/v2\/types\/page"}],"author":[{"embeddable":true,"href":"https:\/\/magdalenakedzia.pl\/index.php\/wp-json\/wp\/v2\/users\/1"}],"replies":[{"embeddable":true,"href":"https:\/\/magdalenakedzia.pl\/index.php\/wp-json\/wp\/v2\/comments?post=539"}],"version-history":[{"count":22,"href":"https:\/\/magdalenakedzia.pl\/index.php\/wp-json\/wp\/v2\/pages\/539\/revisions"}],"predecessor-version":[{"id":840,"href":"https:\/\/magdalenakedzia.pl\/index.php\/wp-json\/wp\/v2\/pages\/539\/revisions\/840"}],"wp:attachment":[{"href":"https:\/\/magdalenakedzia.pl\/index.php\/wp-json\/wp\/v2\/media?parent=539"}],"curies":[{"name":"wp","href":"https:\/\/api.w.org\/{rel}","templated":true}]}}