{"id":365,"date":"2022-04-26T23:27:31","date_gmt":"2022-04-26T21:27:31","guid":{"rendered":"http:\/\/magdalenakedzia.pl\/?page_id=365"},"modified":"2022-07-20T08:51:48","modified_gmt":"2022-07-20T06:51:48","slug":"coaching","status":"publish","type":"page","link":"https:\/\/magdalenakedzia.pl\/index.php\/coaching\/","title":{"rendered":"Coaching"},"content":{"rendered":"\t\t<div data-elementor-type=\"wp-page\" data-elementor-id=\"365\" class=\"elementor elementor-365\" data-elementor-post-type=\"page\">\n\t\t\t\t\t\t<section class=\"elementor-section elementor-top-section elementor-element elementor-element-b2e87f7 elementor-section-boxed elementor-section-height-default elementor-section-height-default\" data-id=\"b2e87f7\" data-element_type=\"section\" data-settings=\"{&quot;background_background&quot;:&quot;classic&quot;}\">\n\t\t\t\t\t\t<div class=\"elementor-container elementor-column-gap-default\">\n\t\t\t\t\t<div class=\"elementor-column elementor-col-100 elementor-top-column elementor-element elementor-element-a0c2d71\" data-id=\"a0c2d71\" data-element_type=\"column\">\n\t\t\t<div class=\"elementor-widget-wrap elementor-element-populated\">\n\t\t\t\t\t\t<div class=\"elementor-element elementor-element-8fc7d54 elementor-widget elementor-widget-elementskit-heading\" data-id=\"8fc7d54\" data-element_type=\"widget\" data-widget_type=\"elementskit-heading.default\">\n\t\t\t\t<div class=\"elementor-widget-container\">\n\t\t\t\t\t<div class=\"ekit-wid-con\" ><div class=\"ekit-heading elementskit-section-title-wraper text_left   ekit_heading_tablet-   ekit_heading_mobile-\"><h2 class=\"ekit-heading--title elementskit-section-title \">COACHING<\/h2><\/div><\/div>\t\t\t\t<\/div>\n\t\t\t\t<\/div>\n\t\t\t\t\t<\/div>\n\t\t<\/div>\n\t\t\t\t\t<\/div>\n\t\t<\/section>\n\t\t\t\t<section class=\"elementor-section elementor-top-section elementor-element elementor-element-826123e elementor-section-boxed elementor-section-height-default elementor-section-height-default\" data-id=\"826123e\" data-element_type=\"section\">\n\t\t\t\t\t\t\t<div class=\"elementor-background-overlay\"><\/div>\n\t\t\t\t\t\t\t<div class=\"elementor-container elementor-column-gap-default\">\n\t\t\t\t\t<div class=\"elementor-column elementor-col-100 elementor-top-column elementor-element elementor-element-7a2491f\" data-id=\"7a2491f\" data-element_type=\"column\">\n\t\t\t<div class=\"elementor-widget-wrap elementor-element-populated\">\n\t\t\t\t\t\t<div class=\"elementor-element elementor-element-f321ea9 elementor-widget elementor-widget-elementskit-heading\" data-id=\"f321ea9\" data-element_type=\"widget\" data-widget_type=\"elementskit-heading.default\">\n\t\t\t\t<div class=\"elementor-widget-container\">\n\t\t\t\t\t<div class=\"ekit-wid-con\" ><div class=\"ekit-heading elementskit-section-title-wraper text_left   ekit_heading_tablet-   ekit_heading_mobile-\"><h2 class=\"ekit-heading--title elementskit-section-title \"><span><span>eMKa Magdalena K\u0119dzia <\/span><\/span> mentor coach trener \u2013 tw\u00f3j partner w rozwoju<\/h2><\/div><\/div>\t\t\t\t<\/div>\n\t\t\t\t<\/div>\n\t\t\t\t<div class=\"elementor-element elementor-element-589a854 elementor-widget elementor-widget-elementskit-heading\" data-id=\"589a854\" data-element_type=\"widget\" data-widget_type=\"elementskit-heading.default\">\n\t\t\t\t<div class=\"elementor-widget-container\">\n\t\t\t\t\t<div class=\"ekit-wid-con\" ><div class=\"ekit-heading elementskit-section-title-wraper text_left   ekit_heading_tablet-   ekit_heading_mobile-\"><h2 class=\"ekit-heading--title elementskit-section-title \">Kiedy czas na  <span><span>COACHING? <\/span><\/span> <\/h2><\/div><\/div>\t\t\t\t<\/div>\n\t\t\t\t<\/div>\n\t\t\t\t<div class=\"elementor-element elementor-element-078fc05 elementor-widget elementor-widget-text-editor\" data-id=\"078fc05\" data-element_type=\"widget\" data-widget_type=\"text-editor.default\">\n\t\t\t\t<div class=\"elementor-widget-container\">\n\t\t\t\t\t\t\t\t\t<p><b>COACHING<\/b> zaliczany jest do najskuteczniejszych narz\u0119dzi rozwojowych, gdy\u017c zapewnia d\u0142ugotrwa\u0142e efekty w zakresie zmiany postawy i wzrost skuteczno\u015bci podejmowanych dzia\u0142a\u0144. Bardzo cz\u0119sto jest narz\u0119dziem wykorzystywanym w sytuacji, gdy inne metody rozwojowe nie przynios\u0142y oczekiwanych rezultat\u00f3w. Po sesjach coachingowych uzyskujesz praktyczne rozwi\u0105zania: co, jak, kiedy i z jakiego powodu chcesz wykona\u0107.<\/p>\t\t\t\t\t\t\t\t<\/div>\n\t\t\t\t<\/div>\n\t\t\t\t<div class=\"elementor-element elementor-element-f423ec2 elementor-align-center elementor-widget elementor-widget-button\" data-id=\"f423ec2\" data-element_type=\"widget\" data-widget_type=\"button.default\">\n\t\t\t\t<div class=\"elementor-widget-container\">\n\t\t\t\t\t\t\t\t\t<div class=\"elementor-button-wrapper\">\n\t\t\t\t\t<a class=\"elementor-button elementor-button-link elementor-size-sm\" href=\"https:\/\/magdalenakedzia.pl\/index.php\/kontakt\/\">\n\t\t\t\t\t\t<span class=\"elementor-button-content-wrapper\">\n\t\t\t\t\t\t\t\t\t<span class=\"elementor-button-text\">Napisz, zadzwo\u0144 i zam\u00f3w bezp\u0142atn\u0105 sesj\u0119 konsultacyjn\u0105 Tel: 692 560 093<\/span>\n\t\t\t\t\t<\/span>\n\t\t\t\t\t<\/a>\n\t\t\t\t<\/div>\n\t\t\t\t\t\t\t\t<\/div>\n\t\t\t\t<\/div>\n\t\t\t\t\t<\/div>\n\t\t<\/div>\n\t\t\t\t\t<\/div>\n\t\t<\/section>\n\t\t\t\t<section class=\"elementor-section elementor-top-section elementor-element elementor-element-1acd07a4 elementor-section-boxed elementor-section-height-default elementor-section-height-default\" data-id=\"1acd07a4\" data-element_type=\"section\">\n\t\t\t\t\t\t\t<div class=\"elementor-background-overlay\"><\/div>\n\t\t\t\t\t\t\t<div class=\"elementor-container elementor-column-gap-default\">\n\t\t\t\t\t<div class=\"elementor-column elementor-col-100 elementor-top-column elementor-element elementor-element-68d0d01\" data-id=\"68d0d01\" data-element_type=\"column\">\n\t\t\t<div class=\"elementor-widget-wrap elementor-element-populated\">\n\t\t\t\t\t\t<section class=\"elementor-section elementor-inner-section elementor-element elementor-element-2236a995 elementor-section-boxed elementor-section-height-default elementor-section-height-default\" data-id=\"2236a995\" data-element_type=\"section\" data-settings=\"{&quot;background_background&quot;:&quot;classic&quot;}\">\n\t\t\t\t\t\t<div class=\"elementor-container elementor-column-gap-default\">\n\t\t\t\t\t<div class=\"elementor-column elementor-col-50 elementor-inner-column elementor-element elementor-element-3e12c9dd\" data-id=\"3e12c9dd\" data-element_type=\"column\">\n\t\t\t<div class=\"elementor-widget-wrap elementor-element-populated\">\n\t\t\t\t\t\t<div class=\"elementor-element elementor-element-fb44029 elementor-widget elementor-widget-text-editor\" data-id=\"fb44029\" data-element_type=\"widget\" data-widget_type=\"text-editor.default\">\n\t\t\t\t<div class=\"elementor-widget-container\">\n\t\t\t\t\t\t\t\t\t<p align=\"justify\">Mo\u017cesz skorzysta\u0107 z r\u00f3\u017cnych form wsparcia coachingowego zar\u00f3wno online jak i offline, takich jak:<br \/><br \/><\/p><p align=\"justify\"><strong>LIFE I BUSSINESS COACHING<\/strong> w sesjach indywidualnych to bezpo\u015brednia praca z coachem, kt\u00f3ra gwarantuje maksymalne skupienie si\u0119 na Twoich celach osobistych lub zawodowych oraz wypracowanie rozwi\u0105za\u0144 skrojonych na miar\u0119 Twoich potrzeb. W wyniku sesji coachingowej klienci najcz\u0119\u015bciej uzyskuj\u0105:<br \/>\u2022 mo\u017cliwo\u015b\u0107 efektywnego rozwi\u0105zywania dylemat\u00f3w osobistych lub zawodowych,<br \/>\u2022 mo\u017cliwo\u015b\u0107 skonsultowania i rzetelnej analizy trudnych wybor\u00f3w \u017cyciowych, <br \/>\u2022 wzmocnienie relacji mi\u0119dzyludzkich, zar\u00f3wno w aspekcie zawodowym, jak i prywatnym, <br \/>\u2022 okie\u0142znanie swojego krytyka wewn\u0119trznego, wzrost pewno\u015bci siebie i swojej samooceny,<br \/>\u2022 zast\u0105pienie przekona\u0144 ograniczaj\u0105cych przekonaniami wspieraj\u0105cymi co pomaga wprowadzi\u0107 zmian\u0119,<br \/>\u2022 wzrost motywacji do dzia\u0142ania, <br \/>\u2022 wypracowany samodzielnie plan dzia\u0142a\u0144, <br \/>\u2022 list\u0119 dodatkowych opcji rozwi\u0105za\u0144 w sytuacji w jakiej klient si\u0119 znajduje,<\/p>\t\t\t\t\t\t\t\t<\/div>\n\t\t\t\t<\/div>\n\t\t\t\t<div class=\"elementor-element elementor-element-35335ea elementor-widget elementor-widget-spacer\" data-id=\"35335ea\" data-element_type=\"widget\" data-widget_type=\"spacer.default\">\n\t\t\t\t<div class=\"elementor-widget-container\">\n\t\t\t\t\t\t\t<div class=\"elementor-spacer\">\n\t\t\t<div class=\"elementor-spacer-inner\"><\/div>\n\t\t<\/div>\n\t\t\t\t\t\t<\/div>\n\t\t\t\t<\/div>\n\t\t\t\t<div class=\"elementor-element elementor-element-92e53cd elementor-align-center elementor-widget elementor-widget-button\" data-id=\"92e53cd\" data-element_type=\"widget\" data-widget_type=\"button.default\">\n\t\t\t\t<div class=\"elementor-widget-container\">\n\t\t\t\t\t\t\t\t\t<div class=\"elementor-button-wrapper\">\n\t\t\t\t\t<a class=\"elementor-button elementor-button-link elementor-size-sm\" href=\"tel:692%20560%20093\">\n\t\t\t\t\t\t<span class=\"elementor-button-content-wrapper\">\n\t\t\t\t\t\t\t\t\t<span class=\"elementor-button-text\">Zadzwo\u0144 692 560 093<\/span>\n\t\t\t\t\t<\/span>\n\t\t\t\t\t<\/a>\n\t\t\t\t<\/div>\n\t\t\t\t\t\t\t\t<\/div>\n\t\t\t\t<\/div>\n\t\t\t\t\t<\/div>\n\t\t<\/div>\n\t\t\t\t<div class=\"elementor-column elementor-col-50 elementor-inner-column elementor-element elementor-element-129ccd9\" data-id=\"129ccd9\" data-element_type=\"column\">\n\t\t\t<div class=\"elementor-widget-wrap elementor-element-populated\">\n\t\t\t\t\t\t<div class=\"elementor-element elementor-element-08b8169 elementor-widget elementor-widget-image\" data-id=\"08b8169\" data-element_type=\"widget\" data-widget_type=\"image.default\">\n\t\t\t\t<div class=\"elementor-widget-container\">\n\t\t\t\t\t\t\t\t\t\t\t\t\t\t\t<img decoding=\"async\" src=\"https:\/\/magdalenakedzia.pl\/wp-content\/uploads\/elementor\/thumbs\/DSC3004-scaled-e1657481355319-prko1y3jdju3q6xfl5ts8uaeetbsrzarqdrvxvtw9u.jpg\" title=\"_DSC3004\" alt=\"_DSC3004\" loading=\"lazy\" \/>\t\t\t\t\t\t\t\t\t\t\t\t\t\t\t<\/div>\n\t\t\t\t<\/div>\n\t\t\t\t\t<\/div>\n\t\t<\/div>\n\t\t\t\t\t<\/div>\n\t\t<\/section>\n\t\t\t\t\t<\/div>\n\t\t<\/div>\n\t\t\t\t\t<\/div>\n\t\t<\/section>\n\t\t\t\t<section class=\"elementor-section elementor-top-section elementor-element elementor-element-1ff09e2 elementor-section-boxed elementor-section-height-default elementor-section-height-default\" data-id=\"1ff09e2\" data-element_type=\"section\">\n\t\t\t\t\t\t\t<div class=\"elementor-background-overlay\"><\/div>\n\t\t\t\t\t\t\t<div class=\"elementor-container elementor-column-gap-default\">\n\t\t\t\t\t<div class=\"elementor-column elementor-col-50 elementor-top-column elementor-element elementor-element-38143af\" data-id=\"38143af\" data-element_type=\"column\">\n\t\t\t<div class=\"elementor-widget-wrap elementor-element-populated\">\n\t\t\t\t\t\t<div class=\"elementor-element elementor-element-04bf7a3 elementor-widget elementor-widget-image\" data-id=\"04bf7a3\" data-element_type=\"widget\" data-widget_type=\"image.default\">\n\t\t\t\t<div class=\"elementor-widget-container\">\n\t\t\t\t\t\t\t\t\t\t\t\t\t\t\t<img fetchpriority=\"high\" decoding=\"async\" width=\"354\" height=\"482\" src=\"https:\/\/magdalenakedzia.pl\/wp-content\/uploads\/2022\/04\/6-coaching-online-4.png\" class=\"attachment-large size-large wp-image-362\" alt=\"\" srcset=\"https:\/\/magdalenakedzia.pl\/wp-content\/uploads\/2022\/04\/6-coaching-online-4.png 354w, https:\/\/magdalenakedzia.pl\/wp-content\/uploads\/2022\/04\/6-coaching-online-4-220x300.png 220w\" sizes=\"(max-width: 354px) 100vw, 354px\" \/>\t\t\t\t\t\t\t\t\t\t\t\t\t\t\t<\/div>\n\t\t\t\t<\/div>\n\t\t\t\t\t<\/div>\n\t\t<\/div>\n\t\t\t\t<div class=\"elementor-column elementor-col-50 elementor-top-column elementor-element elementor-element-55ecd8c\" data-id=\"55ecd8c\" data-element_type=\"column\">\n\t\t\t<div class=\"elementor-widget-wrap elementor-element-populated\">\n\t\t\t\t\t\t<div class=\"elementor-element elementor-element-b79f45d elementor-widget elementor-widget-text-editor\" data-id=\"b79f45d\" data-element_type=\"widget\" data-widget_type=\"text-editor.default\">\n\t\t\t\t<div class=\"elementor-widget-container\">\n\t\t\t\t\t\t\t\t\t<p><strong>METODA SANDPLAY COACHING<\/strong> &#8211; polega na wykorzystaniu triady: piasek, przestrze\u0144 i symbol. Jej najwi\u0119kszym atutem, kt\u00f3ry wyr\u00f3\u017cnia j\u0105 spo\u015br\u00f3d innych metod coachingowych jest korzystanie z rozwi\u0105za\u0144 Sandplay Therapy. <br \/>U\u017cycie triady w sesji coachingowej pozwala klientowi w \u0142agodny i przyjemny spos\u00f3b odnale\u017a\u0107 rozwi\u0105zania, kt\u00f3re s\u0105 g\u0142\u0119boko ukryte. Dlatego jako certyfikowany coach metody Coachingu w Piaskownicy sesje CwP proponuje klientom w sytuacjach, gdy \u201echc\u0105 spr\u00f3bowa\u0107 czego\u015b nowego\u201d lub gdy wcze\u015bniej mierzyli si\u0119 bezskutecznie z jakim\u015b wyzwaniem. Obraz, kt\u00f3ry klient zobaczy w trakcie sesji w piaskownicy dzia\u0142a jak \u201ekotwica\u201d, wzmacnia motywacj\u0119 do dzia\u0142ania i ch\u0119\u0107 zmiany. Sandplay Coaching pomaga w sytuacjach osobistych i zawodowych, gdy:<\/p><p>\u2022 trudno jest ci nazwa\u0107 wyzwanie z jakim si\u0119 mierzysz,<br \/>\u2022 potrzebujesz g\u0142\u0119bokiej pracy rozwojowej,<br \/>\u2022 niepowodzeniem zako\u0144czy\u0142y si\u0119 inne formy wsparcia,<br \/>\u2022 \u201dstoisz przed \u015bcian\u0105\u201d i nie znajdujesz wyj\u015bcia z sytuacji,<br \/>\u2022 chcesz do\u015bwiadczy\u0107 tr\u00f3jwymiarowego, innowacyjnego podej\u015bcia,<\/p>\t\t\t\t\t\t\t\t<\/div>\n\t\t\t\t<\/div>\n\t\t\t\t\t<\/div>\n\t\t<\/div>\n\t\t\t\t\t<\/div>\n\t\t<\/section>\n\t\t\t\t<section class=\"elementor-section elementor-top-section elementor-element elementor-element-3d405e5 elementor-section-boxed elementor-section-height-default elementor-section-height-default\" data-id=\"3d405e5\" data-element_type=\"section\">\n\t\t\t\t\t\t\t<div class=\"elementor-background-overlay\"><\/div>\n\t\t\t\t\t\t\t<div class=\"elementor-container elementor-column-gap-default\">\n\t\t\t\t\t<div class=\"elementor-column elementor-col-50 elementor-top-column elementor-element elementor-element-20e21db\" data-id=\"20e21db\" data-element_type=\"column\">\n\t\t\t<div class=\"elementor-widget-wrap elementor-element-populated\">\n\t\t\t\t\t\t<div class=\"elementor-element elementor-element-bfc12d1 elementor-widget elementor-widget-text-editor\" data-id=\"bfc12d1\" data-element_type=\"widget\" data-widget_type=\"text-editor.default\">\n\t\t\t\t<div class=\"elementor-widget-container\">\n\t\t\t\t\t\t\t\t\t<p><strong>COACHING KARIERY<\/strong> \u2013 pomaga w rozwoju kariery, stosowany jako narz\u0119dzie wspieraj\u0105ce w rozwoju zawodowym m.in. w takich sytuacjach jak:<\/p><p>-poszukiwania \u015bcie\u017cek rozwoju zawodowego,<\/p><p>-planowanie zmiany miejsca czy formy zatrudnienia,<\/p><p>-dylematy zwi\u0105zane z wyborem sposobu rozwoju kompetencji,<\/p><p>-analiza i budowanie \u015bwiadomo\u015bci w\u0142asnych kompetencji zawodowych,<\/p><p>-przygotowanie do rozm\u00f3w oceniaj\u0105cych kompetencje typu ACDC,<\/p><p>-przygotowanie do rozm\u00f3w rekrutacyjnych,<\/p>\t\t\t\t\t\t\t\t<\/div>\n\t\t\t\t<\/div>\n\t\t\t\t\t<\/div>\n\t\t<\/div>\n\t\t\t\t<div class=\"elementor-column elementor-col-50 elementor-top-column elementor-element elementor-element-3254935\" data-id=\"3254935\" data-element_type=\"column\">\n\t\t\t<div class=\"elementor-widget-wrap elementor-element-populated\">\n\t\t\t\t\t\t<div class=\"elementor-element elementor-element-a6b81d0 elementor-widget elementor-widget-image\" data-id=\"a6b81d0\" data-element_type=\"widget\" data-widget_type=\"image.default\">\n\t\t\t\t<div class=\"elementor-widget-container\">\n\t\t\t\t\t\t\t\t\t\t\t\t\t\t\t<img decoding=\"async\" width=\"365\" height=\"326\" src=\"https:\/\/magdalenakedzia.pl\/wp-content\/uploads\/2022\/04\/6-coaching-online-2.png\" class=\"attachment-large size-large wp-image-364\" alt=\"\" srcset=\"https:\/\/magdalenakedzia.pl\/wp-content\/uploads\/2022\/04\/6-coaching-online-2.png 365w, https:\/\/magdalenakedzia.pl\/wp-content\/uploads\/2022\/04\/6-coaching-online-2-300x268.png 300w\" sizes=\"(max-width: 365px) 100vw, 365px\" \/>\t\t\t\t\t\t\t\t\t\t\t\t\t\t\t<\/div>\n\t\t\t\t<\/div>\n\t\t\t\t\t<\/div>\n\t\t<\/div>\n\t\t\t\t\t<\/div>\n\t\t<\/section>\n\t\t\t\t<section class=\"elementor-section elementor-top-section elementor-element elementor-element-4e7ce72 elementor-section-boxed elementor-section-height-default elementor-section-height-default\" data-id=\"4e7ce72\" data-element_type=\"section\">\n\t\t\t\t\t\t\t<div class=\"elementor-background-overlay\"><\/div>\n\t\t\t\t\t\t\t<div class=\"elementor-container elementor-column-gap-default\">\n\t\t\t\t\t<div class=\"elementor-column elementor-col-50 elementor-top-column elementor-element elementor-element-d1282d0\" data-id=\"d1282d0\" data-element_type=\"column\">\n\t\t\t<div class=\"elementor-widget-wrap elementor-element-populated\">\n\t\t\t\t\t\t<div class=\"elementor-element elementor-element-152c46a elementor-widget elementor-widget-image\" data-id=\"152c46a\" data-element_type=\"widget\" data-widget_type=\"image.default\">\n\t\t\t\t<div class=\"elementor-widget-container\">\n\t\t\t\t\t\t\t\t\t\t\t\t\t\t\t<img decoding=\"async\" width=\"800\" height=\"486\" src=\"https:\/\/magdalenakedzia.pl\/wp-content\/uploads\/2022\/04\/6-coaching-online-3.png\" class=\"attachment-large size-large wp-image-361\" alt=\"\" srcset=\"https:\/\/magdalenakedzia.pl\/wp-content\/uploads\/2022\/04\/6-coaching-online-3.png 967w, https:\/\/magdalenakedzia.pl\/wp-content\/uploads\/2022\/04\/6-coaching-online-3-300x182.png 300w, https:\/\/magdalenakedzia.pl\/wp-content\/uploads\/2022\/04\/6-coaching-online-3-768x467.png 768w\" sizes=\"(max-width: 800px) 100vw, 800px\" \/>\t\t\t\t\t\t\t\t\t\t\t\t\t\t\t<\/div>\n\t\t\t\t<\/div>\n\t\t\t\t\t<\/div>\n\t\t<\/div>\n\t\t\t\t<div class=\"elementor-column elementor-col-50 elementor-top-column elementor-element elementor-element-c1c895d\" data-id=\"c1c895d\" data-element_type=\"column\">\n\t\t\t<div class=\"elementor-widget-wrap elementor-element-populated\">\n\t\t\t\t\t\t<div class=\"elementor-element elementor-element-b3e4f47 elementor-widget elementor-widget-text-editor\" data-id=\"b3e4f47\" data-element_type=\"widget\" data-widget_type=\"text-editor.default\">\n\t\t\t\t<div class=\"elementor-widget-container\">\n\t\t\t\t\t\t\t\t\t<p><strong>TEAM COACHING<\/strong> \u2013 sesje coachingu dla twojego zespo\u0142u, to praca wsp\u00f3lna uczestnik\u00f3w nad realizacj\u0105 wsp\u00f3lnego celu zespo\u0142u. Coaching zespo\u0142u mo\u017cna stosowa\u0107 dla:<\/p>\n<p>-nowotworzonych zespo\u0142\u00f3w,<\/p>\n<p>-zespo\u0142\u00f3w w obliczu nowych wyzwa\u0144, reorganizacji,<\/p>\n<p>-dla zespo\u0142\u00f3w, kt\u00f3re do\u015bwiadczaj\u0105 spadku wynik\u00f3w, motywacji.<\/p>\n<p><b>COACHING GRUPOWY<\/b> \u2013 sesje coachingu w grupie, podczas kt\u00f3rej ka\u017cdy z uczestnik\u00f3w realizuje sw\u00f3j cel indywidualny a pozostali uczestnicy sesji s\u0105 dla siebie dodatkowym wsparciem w realizacji tego celu.<\/p>\n<p>-ma zastosowanie do tematyki prywatnej i biznesowej,<\/p>\n<p>-mo\u017cna skorzysta\u0107 w sytuacjach poszukiwania sposob\u00f3w rozwoju kariery zawodowej,<\/p>\n<p>-stosowany do podnoszenia efektywno\u015bci osobistej lub zawodowej,<\/p>\t\t\t\t\t\t\t\t<\/div>\n\t\t\t\t<\/div>\n\t\t\t\t\t<\/div>\n\t\t<\/div>\n\t\t\t\t\t<\/div>\n\t\t<\/section>\n\t\t\t\t<section class=\"elementor-section elementor-top-section elementor-element elementor-element-441875c elementor-section-boxed elementor-section-height-default elementor-section-height-default\" data-id=\"441875c\" data-element_type=\"section\">\n\t\t\t\t\t\t\t<div class=\"elementor-background-overlay\"><\/div>\n\t\t\t\t\t\t\t<div class=\"elementor-container elementor-column-gap-default\">\n\t\t\t\t\t<div class=\"elementor-column elementor-col-100 elementor-top-column elementor-element elementor-element-ca3323f\" data-id=\"ca3323f\" data-element_type=\"column\">\n\t\t\t<div class=\"elementor-widget-wrap elementor-element-populated\">\n\t\t\t\t\t\t<div class=\"elementor-element elementor-element-b671e3b elementor-widget elementor-widget-text-editor\" data-id=\"b671e3b\" data-element_type=\"widget\" data-widget_type=\"text-editor.default\">\n\t\t\t\t<div class=\"elementor-widget-container\">\n\t\t\t\t\t\t\t\t\t<p>Jestem certyfikowanym coachem VCC i metody Sandplay Coaching. Dbam o wysokie standardy etyczne i bezpiecze\u0144stwo Twoje w trakcie procesu coachingowego dlatego stasuj\u0119 zasady kodeksu etycznego ICF https:\/\/icf.org.pl\/kodeks-etyczny\/.<\/p>\t\t\t\t\t\t\t\t<\/div>\n\t\t\t\t<\/div>\n\t\t\t\t\t<\/div>\n\t\t<\/div>\n\t\t\t\t\t<\/div>\n\t\t<\/section>\n\t\t\t\t<section class=\"elementor-section elementor-top-section elementor-element elementor-element-c8fde99 elementor-section-boxed elementor-section-height-default elementor-section-height-default\" data-id=\"c8fde99\" data-element_type=\"section\">\n\t\t\t\t\t\t\t<div class=\"elementor-background-overlay\"><\/div>\n\t\t\t\t\t\t\t<div class=\"elementor-container elementor-column-gap-default\">\n\t\t\t\t\t<div class=\"elementor-column elementor-col-100 elementor-top-column elementor-element elementor-element-830b5aa\" data-id=\"830b5aa\" data-element_type=\"column\">\n\t\t\t<div class=\"elementor-widget-wrap elementor-element-populated\">\n\t\t\t\t\t\t<div class=\"elementor-element elementor-element-3199aef elementor-widget elementor-widget-elementskit-heading\" data-id=\"3199aef\" data-element_type=\"widget\" data-widget_type=\"elementskit-heading.default\">\n\t\t\t\t<div class=\"elementor-widget-container\">\n\t\t\t\t\t<div class=\"ekit-wid-con\" ><div class=\"ekit-heading elementskit-section-title-wraper text_left   ekit_heading_tablet-   ekit_heading_mobile-\"><h2 class=\"ekit-heading--title elementskit-section-title \">Napisz   <span><span>lub zadzwo\u0144 692\u00a0560 093<\/span><\/span> <\/h2><\/div><\/div>\t\t\t\t<\/div>\n\t\t\t\t<\/div>\n\t\t\t\t<div class=\"elementor-element elementor-element-91349e4 elementor-widget elementor-widget-text-editor\" data-id=\"91349e4\" data-element_type=\"widget\" data-widget_type=\"text-editor.default\">\n\t\t\t\t<div class=\"elementor-widget-container\">\n\t\t\t\t\t\t\t\t\t<p><a name=\"_GoBack\"><\/a> <span style=\"font-size: large\">w trakcie bezp\u0142atnej sesji konsultacyjnej ustalimy program rozwojowy dopasowany do Twoich potrzeb.<\/span><\/p>\t\t\t\t\t\t\t\t<\/div>\n\t\t\t\t<\/div>\n\t\t\t\t\t<\/div>\n\t\t<\/div>\n\t\t\t\t\t<\/div>\n\t\t<\/section>\n\t\t\t\t<\/div>\n\t\t","protected":false},"excerpt":{"rendered":"<p>COACHING eMKa Magdalena K\u0119dzia mentor coach trener \u2013 tw\u00f3j partner w rozwoju Kiedy czas na COACHING? COACHING zaliczany jest do najskuteczniejszych narz\u0119dzi rozwojowych, gdy\u017c zapewnia d\u0142ugotrwa\u0142e efekty w zakresie zmiany postawy i wzrost skuteczno\u015bci podejmowanych dzia\u0142a\u0144. Bardzo cz\u0119sto jest narz\u0119dziem wykorzystywanym w sytuacji, gdy inne metody rozwojowe nie przynios\u0142y oczekiwanych rezultat\u00f3w. Po sesjach coachingowych uzyskujesz [&hellip;]<\/p>\n","protected":false},"author":1,"featured_media":0,"parent":0,"menu_order":0,"comment_status":"closed","ping_status":"closed","template":"elementor_header_footer","meta":{"footnotes":""},"class_list":["post-365","page","type-page","status-publish","hentry"],"_links":{"self":[{"href":"https:\/\/magdalenakedzia.pl\/index.php\/wp-json\/wp\/v2\/pages\/365","targetHints":{"allow":["GET"]}}],"collection":[{"href":"https:\/\/magdalenakedzia.pl\/index.php\/wp-json\/wp\/v2\/pages"}],"about":[{"href":"https:\/\/magdalenakedzia.pl\/index.php\/wp-json\/wp\/v2\/types\/page"}],"author":[{"embeddable":true,"href":"https:\/\/magdalenakedzia.pl\/index.php\/wp-json\/wp\/v2\/users\/1"}],"replies":[{"embeddable":true,"href":"https:\/\/magdalenakedzia.pl\/index.php\/wp-json\/wp\/v2\/comments?post=365"}],"version-history":[{"count":40,"href":"https:\/\/magdalenakedzia.pl\/index.php\/wp-json\/wp\/v2\/pages\/365\/revisions"}],"predecessor-version":[{"id":852,"href":"https:\/\/magdalenakedzia.pl\/index.php\/wp-json\/wp\/v2\/pages\/365\/revisions\/852"}],"wp:attachment":[{"href":"https:\/\/magdalenakedzia.pl\/index.php\/wp-json\/wp\/v2\/media?parent=365"}],"curies":[{"name":"wp","href":"https:\/\/api.w.org\/{rel}","templated":true}]}}