{"id":340,"date":"2022-04-26T23:13:27","date_gmt":"2022-04-26T21:13:27","guid":{"rendered":"http:\/\/magdalenakedzia.pl\/?page_id=340"},"modified":"2022-07-20T08:48:55","modified_gmt":"2022-07-20T06:48:55","slug":"assessment-i-development-centre","status":"publish","type":"page","link":"https:\/\/magdalenakedzia.pl\/index.php\/assessment-i-development-centre\/","title":{"rendered":"ASSESSMENT I DEVELOPMENT CENTRE"},"content":{"rendered":"\t\t<div data-elementor-type=\"wp-page\" data-elementor-id=\"340\" class=\"elementor elementor-340\" data-elementor-post-type=\"page\">\n\t\t\t\t\t\t<section class=\"elementor-section elementor-top-section elementor-element elementor-element-b2e87f7 elementor-section-boxed elementor-section-height-default elementor-section-height-default\" data-id=\"b2e87f7\" data-element_type=\"section\" data-settings=\"{&quot;background_background&quot;:&quot;classic&quot;,&quot;animation&quot;:&quot;none&quot;}\">\n\t\t\t\t\t\t<div class=\"elementor-container elementor-column-gap-default\">\n\t\t\t\t\t<div class=\"elementor-column elementor-col-100 elementor-top-column elementor-element elementor-element-a0c2d71\" data-id=\"a0c2d71\" data-element_type=\"column\">\n\t\t\t<div class=\"elementor-widget-wrap elementor-element-populated\">\n\t\t\t\t\t\t<div class=\"elementor-element elementor-element-8fc7d54 elementor-widget elementor-widget-elementskit-heading\" data-id=\"8fc7d54\" data-element_type=\"widget\" data-widget_type=\"elementskit-heading.default\">\n\t\t\t\t<div class=\"elementor-widget-container\">\n\t\t\t\t\t<div class=\"ekit-wid-con\" ><div class=\"ekit-heading elementskit-section-title-wraper text_left   ekit_heading_tablet-   ekit_heading_mobile-\"><h2 class=\"ekit-heading--title elementskit-section-title \">ASSESSMENT I DEVELOPMENT CENTRE<\/h2><\/div><\/div>\t\t\t\t<\/div>\n\t\t\t\t<\/div>\n\t\t\t\t\t<\/div>\n\t\t<\/div>\n\t\t\t\t\t<\/div>\n\t\t<\/section>\n\t\t\t\t<section class=\"elementor-section elementor-top-section elementor-element elementor-element-826123e elementor-section-boxed elementor-section-height-default elementor-section-height-default\" data-id=\"826123e\" data-element_type=\"section\">\n\t\t\t\t\t\t\t<div class=\"elementor-background-overlay\"><\/div>\n\t\t\t\t\t\t\t<div class=\"elementor-container elementor-column-gap-default\">\n\t\t\t\t\t<div class=\"elementor-column elementor-col-100 elementor-top-column elementor-element elementor-element-7a2491f\" data-id=\"7a2491f\" data-element_type=\"column\">\n\t\t\t<div class=\"elementor-widget-wrap elementor-element-populated\">\n\t\t\t\t\t\t<div class=\"elementor-element elementor-element-f321ea9 elementor-widget elementor-widget-elementskit-heading\" data-id=\"f321ea9\" data-element_type=\"widget\" data-widget_type=\"elementskit-heading.default\">\n\t\t\t\t<div class=\"elementor-widget-container\">\n\t\t\t\t\t<div class=\"ekit-wid-con\" ><div class=\"ekit-heading elementskit-section-title-wraper text_left   ekit_heading_tablet-   ekit_heading_mobile-\"><h2 class=\"ekit-heading--title elementskit-section-title \"><span><span>eMKa Magdalena K\u0119dzia <\/span><\/span> mentor coach trener \u2013 tw\u00f3j partner w rozwoju<\/h2><\/div><\/div>\t\t\t\t<\/div>\n\t\t\t\t<\/div>\n\t\t\t\t<div class=\"elementor-element elementor-element-589a854 elementor-widget elementor-widget-elementskit-heading\" data-id=\"589a854\" data-element_type=\"widget\" data-widget_type=\"elementskit-heading.default\">\n\t\t\t\t<div class=\"elementor-widget-container\">\n\t\t\t\t\t<div class=\"ekit-wid-con\" ><div class=\"ekit-heading elementskit-section-title-wraper text_left   ekit_heading_tablet-   ekit_heading_mobile-\"><h2 class=\"ekit-heading--title elementskit-section-title \">Co daje <span><span>ASSESSMENT I DEVELOPMENT CENTRE? <\/span><\/span> <\/h2><\/div><\/div>\t\t\t\t<\/div>\n\t\t\t\t<\/div>\n\t\t\t\t<div class=\"elementor-element elementor-element-43dbdc1 elementor-widget elementor-widget-text-editor\" data-id=\"43dbdc1\" data-element_type=\"widget\" data-widget_type=\"text-editor.default\">\n\t\t\t\t<div class=\"elementor-widget-container\">\n\t\t\t\t\t\t\t\t\t<p><b>Development Center (DC)<\/b> &#8211; O\u015brodek Rozwoju to nowoczesna metoda oceny potencja\u0142u i kompetencji pracownik\u00f3w. Pozwala na okre\u015blenie mocnych stron i obszar\u00f3w do rozwoju ka\u017cdego pracownika z osobna, jak i ca\u0142ego zespo\u0142u jako grupy. W ramach sesji Development Center otrzymujesz szczeg\u00f3\u0142owy raport, zawieraj\u0105cy analiz\u0119 potencja\u0142u pracownika ze wskazaniem obszar\u00f3w do doskonalenia.<\/p><p>Zgodnie z potrzebami organizacji, proces DC mo\u017ce by\u0107 narz\u0119dziem stosowanym tylko do analizy stanu kompetencji lub kluczowym elementem nowoczesnego, dopasowanego programu rozwojowego.<\/p><p>Metoda Development Centre pomaga, gdy potrzebujesz:<\/p><p>&#8211; zdiagnozowa\u0107 potrzeby rozwojowe pracownik\u00f3w,<\/p><p>&#8211; oceni\u0107 potencja\u0142 kadry,<\/p><p>&#8211; ustali\u0107 \u015bcie\u017cki kariery,<\/p><p>&#8211; obni\u017cy\u0107 koszty szkole\u0144 poprzez dopasowanie program\u00f3w rozwojowych<\/p><p>&#8211; okre\u015bli\u0107 luki kompetencyjne,<\/p><p>&#8211; zatrzyma\u0107 kluczowych pracownik\u00f3w poprzez zaproponowanie dopasowanych program\u00f3w rozwojowych,<\/p><p>&#8211; ustali\u0107 strategi\u0119 rozwojow\u0105 w firmie,<\/p><p>&#8211; okre\u015bli\u0107 koszty rozwojowe,<\/p><p>&#8211; uzyska\u0107 wzrost efektywno\u015bci dzia\u0142a\u0144 pracownik\u00f3w.<\/p>\t\t\t\t\t\t\t\t<\/div>\n\t\t\t\t<\/div>\n\t\t\t\t\t<\/div>\n\t\t<\/div>\n\t\t\t\t\t<\/div>\n\t\t<\/section>\n\t\t\t\t<section class=\"elementor-section elementor-top-section elementor-element elementor-element-1acd07a4 elementor-section-boxed elementor-section-height-default elementor-section-height-default\" data-id=\"1acd07a4\" data-element_type=\"section\">\n\t\t\t\t\t\t\t<div class=\"elementor-background-overlay\"><\/div>\n\t\t\t\t\t\t\t<div class=\"elementor-container elementor-column-gap-default\">\n\t\t\t\t\t<div class=\"elementor-column elementor-col-100 elementor-top-column elementor-element elementor-element-68d0d01\" data-id=\"68d0d01\" data-element_type=\"column\">\n\t\t\t<div class=\"elementor-widget-wrap elementor-element-populated\">\n\t\t\t\t\t\t<section class=\"elementor-section elementor-inner-section elementor-element elementor-element-2236a995 elementor-section-boxed elementor-section-height-default elementor-section-height-default\" data-id=\"2236a995\" data-element_type=\"section\" data-settings=\"{&quot;background_background&quot;:&quot;classic&quot;}\">\n\t\t\t\t\t\t<div class=\"elementor-container elementor-column-gap-default\">\n\t\t\t\t\t<div class=\"elementor-column elementor-col-50 elementor-inner-column elementor-element elementor-element-3e12c9dd\" data-id=\"3e12c9dd\" data-element_type=\"column\">\n\t\t\t<div class=\"elementor-widget-wrap elementor-element-populated\">\n\t\t\t\t\t\t<div class=\"elementor-element elementor-element-a268a04 elementor-widget elementor-widget-text-editor\" data-id=\"a268a04\" data-element_type=\"widget\" data-widget_type=\"text-editor.default\">\n\t\t\t\t<div class=\"elementor-widget-container\">\n\t\t\t\t\t\t\t\t\t<p><b>Assessment Centre (AC) <\/b>to innowacyjne narz\u0119dzie w dzia\u0142ach HR, a najcz\u0119\u015bciej w dzia\u0142ach rekrutacji, wykorzystywane jako jedno z najnowocze\u015bniejszych i bardzo rzetelnych narz\u0119dzi oceny kompetencji pracownik\u00f3w. W ramach metody Assessment Centre otrzymujesz wielowymiarowy proces, w kt\u00f3rym uczestnicy badania bior\u0105 udzia\u0142 w wielu zadaniach o odmiennym charakterze (testy, symulacje, wywiady) i s\u0105 obserwowani przez zesp\u00f3\u0142 os\u00f3b oceniaj\u0105cych. W ramach procesu AC asesorzy wsp\u00f3lnie z klientem definiuj\u0105 list\u0119 ocenianych kompetencji, dostosowanych do kultury organizacji i zgodnych z wymogami danego stanowiska pracy, aby zapewni\u0107 wiarygodn\u0105 i obiektywn\u0105 ocen\u0119 kompetencji pracownik\u00f3w. Wyniki sesji AC s\u0105 kalibrowane przez asesor\u00f3w i przedstawiane w szczeg\u00f3\u0142owym raporcie.<\/p>\t\t\t\t\t\t\t\t<\/div>\n\t\t\t\t<\/div>\n\t\t\t\t<div class=\"elementor-element elementor-element-8cf3d78 elementor-align-center elementor-widget elementor-widget-button\" data-id=\"8cf3d78\" data-element_type=\"widget\" data-widget_type=\"button.default\">\n\t\t\t\t<div class=\"elementor-widget-container\">\n\t\t\t\t\t\t\t\t\t<div class=\"elementor-button-wrapper\">\n\t\t\t\t\t<a class=\"elementor-button elementor-button-link elementor-size-sm\" href=\"tel:692%20560%20093\">\n\t\t\t\t\t\t<span class=\"elementor-button-content-wrapper\">\n\t\t\t\t\t\t\t\t\t<span class=\"elementor-button-text\">Zadzwo\u0144 692 560 093<\/span>\n\t\t\t\t\t<\/span>\n\t\t\t\t\t<\/a>\n\t\t\t\t<\/div>\n\t\t\t\t\t\t\t\t<\/div>\n\t\t\t\t<\/div>\n\t\t\t\t\t<\/div>\n\t\t<\/div>\n\t\t\t\t<div class=\"elementor-column elementor-col-50 elementor-inner-column elementor-element elementor-element-129ccd9\" data-id=\"129ccd9\" data-element_type=\"column\">\n\t\t\t<div class=\"elementor-widget-wrap elementor-element-populated\">\n\t\t\t\t\t\t<div class=\"elementor-element elementor-element-08b8169 elementor-widget elementor-widget-image\" data-id=\"08b8169\" data-element_type=\"widget\" data-widget_type=\"image.default\">\n\t\t\t\t<div class=\"elementor-widget-container\">\n\t\t\t\t\t\t\t\t\t\t\t\t\t\t\t<img decoding=\"async\" src=\"https:\/\/magdalenakedzia.pl\/wp-content\/uploads\/elementor\/thumbs\/DSC2931-1-copy-scaled-pqfx6bjvchei4g4tyfpjq6th5fmttqg2elb4n09s9q.jpg\" title=\"_DSC2931-1 copy\" alt=\"_DSC2931-1 copy\" loading=\"lazy\" \/>\t\t\t\t\t\t\t\t\t\t\t\t\t\t\t<\/div>\n\t\t\t\t<\/div>\n\t\t\t\t\t<\/div>\n\t\t<\/div>\n\t\t\t\t\t<\/div>\n\t\t<\/section>\n\t\t\t\t\t<\/div>\n\t\t<\/div>\n\t\t\t\t\t<\/div>\n\t\t<\/section>\n\t\t\t\t<section class=\"elementor-section elementor-top-section elementor-element elementor-element-c8fde99 elementor-section-boxed elementor-section-height-default elementor-section-height-default\" data-id=\"c8fde99\" data-element_type=\"section\">\n\t\t\t\t\t\t\t<div class=\"elementor-background-overlay\"><\/div>\n\t\t\t\t\t\t\t<div class=\"elementor-container elementor-column-gap-default\">\n\t\t\t\t\t<div class=\"elementor-column elementor-col-50 elementor-top-column elementor-element elementor-element-1a89dff\" data-id=\"1a89dff\" data-element_type=\"column\">\n\t\t\t<div class=\"elementor-widget-wrap elementor-element-populated\">\n\t\t\t\t\t\t<div class=\"elementor-element elementor-element-43d8055 elementor-widget elementor-widget-image\" data-id=\"43d8055\" data-element_type=\"widget\" data-widget_type=\"image.default\">\n\t\t\t\t<div class=\"elementor-widget-container\">\n\t\t\t\t\t\t\t\t\t\t\t\t\t\t\t<img fetchpriority=\"high\" decoding=\"async\" width=\"400\" height=\"565\" src=\"https:\/\/magdalenakedzia.pl\/wp-content\/uploads\/2022\/04\/7-Ocena-Kompetencji-ACDC-2.png\" class=\"attachment-large size-large wp-image-343\" alt=\"\" srcset=\"https:\/\/magdalenakedzia.pl\/wp-content\/uploads\/2022\/04\/7-Ocena-Kompetencji-ACDC-2.png 400w, https:\/\/magdalenakedzia.pl\/wp-content\/uploads\/2022\/04\/7-Ocena-Kompetencji-ACDC-2-212x300.png 212w\" sizes=\"(max-width: 400px) 100vw, 400px\" \/>\t\t\t\t\t\t\t\t\t\t\t\t\t\t\t<\/div>\n\t\t\t\t<\/div>\n\t\t\t\t\t<\/div>\n\t\t<\/div>\n\t\t\t\t<div class=\"elementor-column elementor-col-50 elementor-top-column elementor-element elementor-element-830b5aa\" data-id=\"830b5aa\" data-element_type=\"column\">\n\t\t\t<div class=\"elementor-widget-wrap elementor-element-populated\">\n\t\t\t\t\t\t<div class=\"elementor-element elementor-element-ca4c5b5 elementor-widget elementor-widget-text-editor\" data-id=\"ca4c5b5\" data-element_type=\"widget\" data-widget_type=\"text-editor.default\">\n\t\t\t\t<div class=\"elementor-widget-container\">\n\t\t\t\t\t\t\t\t\t<p><b>Diagnoza&nbsp;Assessment Centre<\/b>&nbsp;jest wykorzystywana w procesie rekrutacji czy audytu personalnego i cz\u0119sto jest punktem wyj\u015bcia do przygotowania precyzyjnie dostosowanego programu rozwojowego dla pracownik\u00f3w.<\/p>\n<p>Metoda&nbsp;Assessment Centre&nbsp;pomaga, gdy potrzebujesz:<\/p>\n<p>&#8211; obni\u017cy\u0107 koszty nietrafnych rekrutacji,<\/p>\n<p>&#8211; zniwelowa\u0107 koszt zatrudnienia niew\u0142a\u015bciwych os\u00f3b,<\/p>\n<p>&#8211; unikn\u0105\u0107 nadmiernych koszt\u00f3w wdro\u017cenia poprzez zdiagnozowanie luki kompetencyjnej,<\/p>\n<p>&#8211; obni\u017cy\u0107 wska\u017anik rotacji pracownik\u00f3w,<\/p>\n<p>&#8211; poprawi\u0107 skuteczno\u015b\u0107 wdro\u017cenia pracownik\u00f3w.<\/p>\t\t\t\t\t\t\t\t<\/div>\n\t\t\t\t<\/div>\n\t\t\t\t\t<\/div>\n\t\t<\/div>\n\t\t\t\t\t<\/div>\n\t\t<\/section>\n\t\t\t\t<section class=\"elementor-section elementor-top-section elementor-element elementor-element-eb00c11 elementor-section-boxed elementor-section-height-default elementor-section-height-default\" data-id=\"eb00c11\" data-element_type=\"section\">\n\t\t\t\t\t\t\t<div class=\"elementor-background-overlay\"><\/div>\n\t\t\t\t\t\t\t<div class=\"elementor-container elementor-column-gap-default\">\n\t\t\t\t\t<div class=\"elementor-column elementor-col-50 elementor-top-column elementor-element elementor-element-3150e00\" data-id=\"3150e00\" data-element_type=\"column\">\n\t\t\t<div class=\"elementor-widget-wrap elementor-element-populated\">\n\t\t\t\t\t\t<div class=\"elementor-element elementor-element-8ae0d37 elementor-widget elementor-widget-text-editor\" data-id=\"8ae0d37\" data-element_type=\"widget\" data-widget_type=\"text-editor.default\">\n\t\t\t\t<div class=\"elementor-widget-container\">\n\t\t\t\t\t\t\t\t\t<p>W ramach program\u00f3w rozwojowych ACDC mo\u017cesz skorzysta\u0107 r\u00f3wnie\u017c z narz\u0119dzi takich jak szkolenia, FRIS\u00ae, MaxieDISC\u00ae coaching indywidualny, grupowy, coaching kariery, team coaching, sandplay coaching i mentoring<\/p>\t\t\t\t\t\t\t\t<\/div>\n\t\t\t\t<\/div>\n\t\t\t\t\t<\/div>\n\t\t<\/div>\n\t\t\t\t<div class=\"elementor-column elementor-col-50 elementor-top-column elementor-element elementor-element-7f64ee2\" data-id=\"7f64ee2\" data-element_type=\"column\">\n\t\t\t<div class=\"elementor-widget-wrap elementor-element-populated\">\n\t\t\t\t\t\t<div class=\"elementor-element elementor-element-31b5582 elementor-widget elementor-widget-elementskit-heading\" data-id=\"31b5582\" data-element_type=\"widget\" data-widget_type=\"elementskit-heading.default\">\n\t\t\t\t<div class=\"elementor-widget-container\">\n\t\t\t\t\t<div class=\"ekit-wid-con\" ><div class=\"ekit-heading elementskit-section-title-wraper text_left   ekit_heading_tablet-   ekit_heading_mobile-\"><h2 class=\"ekit-heading--title elementskit-section-title \">Napisz  <span><span>do mnie  <\/span><\/span> <\/h2><\/div><\/div>\t\t\t\t<\/div>\n\t\t\t\t<\/div>\n\t\t\t\t<div class=\"elementor-element elementor-element-ffc699c elementor-widget elementor-widget-text-editor\" data-id=\"ffc699c\" data-element_type=\"widget\" data-widget_type=\"text-editor.default\">\n\t\t\t\t<div class=\"elementor-widget-container\">\n\t\t\t\t\t\t\t\t\t<p>&#8230;je\u017celi chcesz dowiedzie\u0107 si\u0119 wi\u0119cej na temat metody <b>ASSESSMENT I DEVELOPMENT CENTRE<\/b>. Je\u017celi szukasz kompleksowej oceny kompetencji dla swoich pracownik\u00f3w, dla Ciebie i zastanawiasz si\u0119 w jakiej formule to zrobi\u0107, napisz porozmawiamy i dobierzemy wsp\u00f3lnie rozwi\u0105zanie, tak aby zapewni\u0107 obiektywn\u0105 i rzeteln\u0105 ocen\u0119 kompetencji.<\/p>\t\t\t\t\t\t\t\t<\/div>\n\t\t\t\t<\/div>\n\t\t\t\t\t<\/div>\n\t\t<\/div>\n\t\t\t\t\t<\/div>\n\t\t<\/section>\n\t\t\t\t<\/div>\n\t\t","protected":false},"excerpt":{"rendered":"<p>ASSESSMENT I DEVELOPMENT CENTRE eMKa Magdalena K\u0119dzia mentor coach trener \u2013 tw\u00f3j partner w rozwoju Co daje ASSESSMENT I DEVELOPMENT CENTRE? Development Center (DC) &#8211; O\u015brodek Rozwoju to nowoczesna metoda oceny potencja\u0142u i kompetencji pracownik\u00f3w. Pozwala na okre\u015blenie mocnych stron i obszar\u00f3w do rozwoju ka\u017cdego pracownika z osobna, jak i ca\u0142ego zespo\u0142u jako grupy. W [&hellip;]<\/p>\n","protected":false},"author":1,"featured_media":0,"parent":0,"menu_order":0,"comment_status":"closed","ping_status":"closed","template":"elementor_header_footer","meta":{"footnotes":""},"class_list":["post-340","page","type-page","status-publish","hentry"],"_links":{"self":[{"href":"https:\/\/magdalenakedzia.pl\/index.php\/wp-json\/wp\/v2\/pages\/340","targetHints":{"allow":["GET"]}}],"collection":[{"href":"https:\/\/magdalenakedzia.pl\/index.php\/wp-json\/wp\/v2\/pages"}],"about":[{"href":"https:\/\/magdalenakedzia.pl\/index.php\/wp-json\/wp\/v2\/types\/page"}],"author":[{"embeddable":true,"href":"https:\/\/magdalenakedzia.pl\/index.php\/wp-json\/wp\/v2\/users\/1"}],"replies":[{"embeddable":true,"href":"https:\/\/magdalenakedzia.pl\/index.php\/wp-json\/wp\/v2\/comments?post=340"}],"version-history":[{"count":52,"href":"https:\/\/magdalenakedzia.pl\/index.php\/wp-json\/wp\/v2\/pages\/340\/revisions"}],"predecessor-version":[{"id":846,"href":"https:\/\/magdalenakedzia.pl\/index.php\/wp-json\/wp\/v2\/pages\/340\/revisions\/846"}],"wp:attachment":[{"href":"https:\/\/magdalenakedzia.pl\/index.php\/wp-json\/wp\/v2\/media?parent=340"}],"curies":[{"name":"wp","href":"https:\/\/api.w.org\/{rel}","templated":true}]}}