{"id":313,"date":"2022-04-26T22:24:06","date_gmt":"2022-04-26T20:24:06","guid":{"rendered":"http:\/\/magdalenakedzia.pl\/?page_id=313"},"modified":"2022-07-14T19:58:34","modified_gmt":"2022-07-14T17:58:34","slug":"mentoring","status":"publish","type":"page","link":"https:\/\/magdalenakedzia.pl\/index.php\/mentoring\/","title":{"rendered":"Mentoring"},"content":{"rendered":"\t\t<div data-elementor-type=\"wp-page\" data-elementor-id=\"313\" class=\"elementor elementor-313\" data-elementor-post-type=\"page\">\n\t\t\t\t\t\t<section class=\"elementor-section elementor-top-section elementor-element elementor-element-b2e87f7 elementor-section-boxed elementor-section-height-default elementor-section-height-default\" data-id=\"b2e87f7\" data-element_type=\"section\" data-settings=\"{&quot;background_background&quot;:&quot;classic&quot;}\">\n\t\t\t\t\t\t<div class=\"elementor-container elementor-column-gap-default\">\n\t\t\t\t\t<div class=\"elementor-column elementor-col-100 elementor-top-column elementor-element elementor-element-a0c2d71\" data-id=\"a0c2d71\" data-element_type=\"column\">\n\t\t\t<div class=\"elementor-widget-wrap elementor-element-populated\">\n\t\t\t\t\t\t<div class=\"elementor-element elementor-element-8fc7d54 elementor-widget elementor-widget-elementskit-heading\" data-id=\"8fc7d54\" data-element_type=\"widget\" data-widget_type=\"elementskit-heading.default\">\n\t\t\t\t<div class=\"elementor-widget-container\">\n\t\t\t\t\t<div class=\"ekit-wid-con\" ><div class=\"ekit-heading elementskit-section-title-wraper text_left   ekit_heading_tablet-   ekit_heading_mobile-\"><h2 class=\"ekit-heading--title elementskit-section-title \">MENTORING<\/h2><\/div><\/div>\t\t\t\t<\/div>\n\t\t\t\t<\/div>\n\t\t\t\t\t<\/div>\n\t\t<\/div>\n\t\t\t\t\t<\/div>\n\t\t<\/section>\n\t\t\t\t<section class=\"elementor-section elementor-top-section elementor-element elementor-element-826123e elementor-section-boxed elementor-section-height-default elementor-section-height-default\" data-id=\"826123e\" data-element_type=\"section\">\n\t\t\t\t\t\t\t<div class=\"elementor-background-overlay\"><\/div>\n\t\t\t\t\t\t\t<div class=\"elementor-container elementor-column-gap-default\">\n\t\t\t\t\t<div class=\"elementor-column elementor-col-100 elementor-top-column elementor-element elementor-element-7a2491f\" data-id=\"7a2491f\" data-element_type=\"column\">\n\t\t\t<div class=\"elementor-widget-wrap elementor-element-populated\">\n\t\t\t\t\t\t<div class=\"elementor-element elementor-element-f321ea9 elementor-widget elementor-widget-elementskit-heading\" data-id=\"f321ea9\" data-element_type=\"widget\" data-widget_type=\"elementskit-heading.default\">\n\t\t\t\t<div class=\"elementor-widget-container\">\n\t\t\t\t\t<div class=\"ekit-wid-con\" ><div class=\"ekit-heading elementskit-section-title-wraper text_left   ekit_heading_tablet-   ekit_heading_mobile-\"><h2 class=\"ekit-heading--title elementskit-section-title \"><span><span>eMKa Magdalena K\u0119dzia <\/span><\/span> mentor coach trener \u2013 tw\u00f3j partner w rozwoju<\/h2><\/div><\/div>\t\t\t\t<\/div>\n\t\t\t\t<\/div>\n\t\t\t\t<div class=\"elementor-element elementor-element-589a854 elementor-widget elementor-widget-elementskit-heading\" data-id=\"589a854\" data-element_type=\"widget\" data-widget_type=\"elementskit-heading.default\">\n\t\t\t\t<div class=\"elementor-widget-container\">\n\t\t\t\t\t<div class=\"ekit-wid-con\" ><div class=\"ekit-heading elementskit-section-title-wraper text_left   ekit_heading_tablet-   ekit_heading_mobile-\"><h2 class=\"ekit-heading--title elementskit-section-title \">Dla kogo <span><span>MENTORING? <\/span><\/span> <\/h2><\/div><\/div>\t\t\t\t<\/div>\n\t\t\t\t<\/div>\n\t\t\t\t<div class=\"elementor-element elementor-element-f7c75ba elementor-widget elementor-widget-text-editor\" data-id=\"f7c75ba\" data-element_type=\"widget\" data-widget_type=\"text-editor.default\">\n\t\t\t\t<div class=\"elementor-widget-container\">\n\t\t\t\t\t\t\t\t\t<p><strong>MENTORING<\/strong>\u00a0to kompleksowe narz\u0119dzie s\u0142u\u017c\u0105ce wspieraniu klienta w procesie nauki i rozwoju kompetencji. Spotkania odbywaj\u0105 si\u0119 w formie online i offline. Indywidualna rozmowa daje najwi\u0119kszy komfort pracy i jednocze\u015bnie pozwala na maksymalizacje efekt\u00f3w. Rozmawiam o twoich bie\u017c\u0105cych wyzwaniach i szukam rozwi\u0105zania, kt\u00f3re mo\u017cesz zastosowa\u0107 od razu. Cz\u0119sto to w\u0142a\u015bnie spojrzenie mentora pozwala na znalezienie nowych mo\u017cliwo\u015bci. Z ch\u0119ci\u0105 podziel\u0119 si\u0119 moim do\u015bwiadczeniem aby\u015b znalaz\u0142(a) odpowiedzi na swoje pytania.<\/p><p><strong>Podczas mentoringu masz dost\u0119p do praktycznej wiedzy zdobytej przez okres:<\/strong><\/p><p>&#8211; <strong>20 letniego do\u015bwiadczenia<\/strong> w sprzeda\u017cy, aktywnym pozyskiwaniu klienta, telemarketingu, budowaniu relacji biznesowych, negocjacji handlowych,<\/p><p>&#8211;<strong> 10<\/strong> letniego do\u015bwiadczenia w prowadzeniu biznesu,<\/p><p>&#8211;<strong>10<\/strong> letniego do\u015bwiadczenia w prowadzeniu coachingu, mentoringu, prowadzeniu szkole\u0144, indywidualnych trening\u00f3w i sesji rozwojowych z wykorzystaniem takich narz\u0119dzi jak: <strong>FRIS<sup>\u00ae<\/sup>, MaxieDISC<sup>\u00ae<\/sup><\/strong>.<\/p><p>W ramach mentoringu mo\u017cesz skorzysta\u0107 z praktycznych rozwi\u0105za\u0144<\/p>\t\t\t\t\t\t\t\t<\/div>\n\t\t\t\t<\/div>\n\t\t\t\t\t<\/div>\n\t\t<\/div>\n\t\t\t\t\t<\/div>\n\t\t<\/section>\n\t\t\t\t<section class=\"elementor-section elementor-top-section elementor-element elementor-element-1acd07a4 elementor-section-boxed elementor-section-height-default elementor-section-height-default\" data-id=\"1acd07a4\" data-element_type=\"section\">\n\t\t\t\t\t\t\t<div class=\"elementor-background-overlay\"><\/div>\n\t\t\t\t\t\t\t<div class=\"elementor-container elementor-column-gap-default\">\n\t\t\t\t\t<div class=\"elementor-column elementor-col-100 elementor-top-column elementor-element elementor-element-68d0d01\" data-id=\"68d0d01\" data-element_type=\"column\">\n\t\t\t<div class=\"elementor-widget-wrap elementor-element-populated\">\n\t\t\t\t\t\t<section class=\"elementor-section elementor-inner-section elementor-element elementor-element-2236a995 elementor-section-boxed elementor-section-height-default elementor-section-height-default\" data-id=\"2236a995\" data-element_type=\"section\" data-settings=\"{&quot;background_background&quot;:&quot;classic&quot;}\">\n\t\t\t\t\t\t<div class=\"elementor-container elementor-column-gap-default\">\n\t\t\t\t\t<div class=\"elementor-column elementor-col-50 elementor-inner-column elementor-element elementor-element-3e12c9dd\" data-id=\"3e12c9dd\" data-element_type=\"column\">\n\t\t\t<div class=\"elementor-widget-wrap elementor-element-populated\">\n\t\t\t\t\t\t<div class=\"elementor-element elementor-element-30cbc08 elementor-view-default elementor-widget elementor-widget-icon\" data-id=\"30cbc08\" data-element_type=\"widget\" data-widget_type=\"icon.default\">\n\t\t\t\t<div class=\"elementor-widget-container\">\n\t\t\t\t\t\t\t<div class=\"elementor-icon-wrapper\">\n\t\t\t<div class=\"elementor-icon\">\n\t\t\t<svg xmlns=\"http:\/\/www.w3.org\/2000\/svg\" xmlns:xlink=\"http:\/\/www.w3.org\/1999\/xlink\" id=\"Capa_1\" x=\"0px\" y=\"0px\" width=\"481.291px\" height=\"481.291px\" viewBox=\"0 0 481.291 481.291\" style=\"enable-background:new 0 0 481.291 481.291;\" xml:space=\"preserve\"><g>\t<g id=\"Layer_2_16_\">\t\t<g>\t\t\t<path d=\"M138.814,146.22c3.12,40.976,19.417,23.314,22.779,41.27c5.59,29.848,32.016,51.436,48.466,58.893    c9.597,4.348,19.48,6.53,29.871,6.704v0.009c0.036,0,0.072-0.004,0.108-0.004s0.072,0.004,0.108,0.004v-0.009    c10.39-0.174,20.272-2.355,29.871-6.704c16.45-7.457,42.876-29.045,48.466-58.893c3.362-17.955,19.659-0.294,22.779-41.27    c0-16.33-8.898-20.394-8.898-20.394s4.523-24.171,6.295-42.77C340.854,59.877,325.129,0,241.25,0    c-0.367,0-0.707,0.02-1.065,0.024c-0.013,0-0.025,0-0.038-0.001V0.019c-0.036,0.001-0.072,0.002-0.108,0.002    s-0.072-0.001-0.108-0.002v0.005c-0.013,0.001-0.025,0.001-0.038,0.001c-0.358-0.005-0.698-0.024-1.065-0.024    c-83.878,0-99.604,59.877-97.409,83.056c1.771,18.599,6.295,42.77,6.295,42.77S138.814,129.89,138.814,146.22z\"><\/path>\t\t\t<path d=\"M430.313,347.371c-42.308-21.523-103.63-48.406-106.573-49.355c-0.033-0.012-0.058-0.014-0.09-0.024    c-1.721-0.613-3.571-0.953-5.504-0.953c-7.188,0-13.285,4.604-15.547,11.021c-0.012-0.008-0.024-0.013-0.036-0.021    c-10.92,26.315-30.979,73.223-43.434,95.842l-3-63.413c0,0,18.705-39.699,20.752-43.336c4.82-8.525,0.479-15.783-8.557-15.783    c-4.482,0-15.695,0-26.926,0c-0.013,0-0.025,0-0.038,0c-0.072,0-0.144,0-0.216,0c-0.013,0-0.025,0-0.038,0    c-0.154,0-0.308,0-0.462,0s-0.308,0-0.462,0c-0.013,0-0.025,0-0.038,0c-0.072,0-0.144,0-0.216,0c-0.013,0-0.025,0-0.038,0    c-11.23,0-22.442,0-26.926,0c-9.036,0-13.376,7.258-8.557,15.783c2.048,3.637,20.752,43.336,20.752,43.336l-2.999,63.413    c-12.455-22.619-32.514-69.524-43.434-95.842c-0.012,0.008-0.024,0.013-0.036,0.021c-2.262-6.414-8.359-11.021-15.547-11.021    c-1.933,0-3.783,0.34-5.504,0.953c-0.032,0.012-0.057,0.015-0.09,0.024c-2.942,0.949-64.265,27.832-106.573,49.355    c-19,9.666-30.467,21.688-30.467,34.34c0,41.826,0,99.58,0,99.58h219.227h0.191h0.105h0.006h0.107h0.191h0.309h0.309h0.191h0.105    h0.006h0.105h0.191H460.78c0,0,0-57.754,0-99.58C460.779,369.059,449.313,357.037,430.313,347.371z\"><\/path>\t\t<\/g>\t<\/g><\/g><g><\/g><g><\/g><g><\/g><g><\/g><g><\/g><g><\/g><g><\/g><g><\/g><g><\/g><g><\/g><g><\/g><g><\/g><g><\/g><g><\/g><g><\/g><\/svg>\t\t\t<\/div>\n\t\t<\/div>\n\t\t\t\t\t\t<\/div>\n\t\t\t\t<\/div>\n\t\t\t\t<div class=\"elementor-element elementor-element-fb44029 elementor-widget elementor-widget-text-editor\" data-id=\"fb44029\" data-element_type=\"widget\" data-widget_type=\"text-editor.default\">\n\t\t\t\t<div class=\"elementor-widget-container\">\n\t\t\t\t\t\t\t\t\t<p><strong>MENTORING MENAD\u017bERSKI<\/strong><\/p><p>Odby\u0142am ponad 1 000 h rozm\u00f3w mentoringowych z menad\u017cerami, pomagaj\u0105c znale\u017a\u0107 rozwi\u0105zania w sytuacji, gdy: &#8211; rozpoczynasz przygod\u0119 z zarz\u0105dzaniem i nie wiesz od czego zacz\u0105\u0107, &#8211; jeste\u015b menad\u017cerem, kt\u00f3ry zapoznaje si\u0119 z nowym zespo\u0142em i szukasz sposobu jak przekona\u0107 ich do siebie, &#8211; awansowa\u0142e\u015b na stanowisko menad\u017cerskie i przysz\u0142o ci mierzy\u0107 si\u0119 z wyzwaniem zarz\u0105dzania swoimi kole\u017cankami i kolegami, &#8211; posiadasz do\u015bwiadczenie menad\u017cerskie, a jednocze\u015bnie mierzysz si\u0119 ze spadkiem motywacji swoich pracownik\u00f3w i brak ci pomys\u0142u, co jeszcze mo\u017cesz zrobi\u0107, aby im si\u0119 chcia\u0142o\u2026. &#8211; sam mierzysz si\u0119 z aktualnymi wyzwaniami jakie stawia przed Tob\u0105 rzeczywisto\u015b\u0107 VUKA<\/p><p>\u00a0<\/p><p>\u00a0<\/p><p>\u00a0<\/p>\t\t\t\t\t\t\t\t<\/div>\n\t\t\t\t<\/div>\n\t\t\t\t<div class=\"elementor-element elementor-element-b1f87f9 elementor-view-default elementor-widget elementor-widget-icon\" data-id=\"b1f87f9\" data-element_type=\"widget\" data-widget_type=\"icon.default\">\n\t\t\t\t<div class=\"elementor-widget-container\">\n\t\t\t\t\t\t\t<div class=\"elementor-icon-wrapper\">\n\t\t\t<div class=\"elementor-icon\">\n\t\t\t<svg xmlns=\"http:\/\/www.w3.org\/2000\/svg\" xmlns:xlink=\"http:\/\/www.w3.org\/1999\/xlink\" id=\"Capa_1\" x=\"0px\" y=\"0px\" viewBox=\"0 0 489.013 489.013\" style=\"enable-background:new 0 0 489.013 489.013;\" xml:space=\"preserve\"><g>\t<g>\t\t<g>\t\t\t<path d=\"M164.365,97.813L164.365,97.813c0.1,0,0.2,0,0.3,0s0.2,0,0.3,0l0,0c43.9-0.5,37.5-59.1,37.5-59.1    c-1.8-39.2-34.6-38.8-37.8-38.7c-3.2-0.1-36-0.5-37.8,38.7C126.865,38.713,120.465,97.313,164.365,97.813z\"><\/path>\t\t<\/g>\t\t<g>\t\t\t<path d=\"M239.265,137.613c-3.8-3.8-5.7-5.7-10-8.8c-16.3-12-36.3-20-36.3-20l-15.2,48.2l-8.9-25.2c16-22.3-1.9-22.9-4.3-22.9    c-2.4,0-20.2,0.6-4.3,22.9l-8.9,25.2l-15.2-48.2c0,0-20,8.1-36.3,20c-4.3,3.1-6.2,5-10,8.8c-9,9-5.2,61.2,0,80.4    s20.5,46.6,20.5,46.6c3.1,7,5,14.4,5.8,22l19.5,191.7c0.6,6.1,5.8,10.7,11.9,10.7h16.9h17.1c6.1,0,11.3-4.6,11.9-10.7l19.5-191.8    c0.8-7.6,2.7-15,5.8-22c0,0,15.3-27.4,20.5-46.6C244.465,198.813,248.265,146.613,239.265,137.613z\"><\/path>\t\t<\/g>\t\t<g>\t\t\t<g>\t\t\t\t<path d=\"M321.165,320.813c-46,0-83.4,37.3-83.4,83.4c0,46,37.3,83.4,83.4,83.4c46,0,83.4-37.3,83.4-83.4     S367.265,320.813,321.165,320.813z M350.265,446.413c-2.5,1.1-5.1,2.1-7.8,2.8c-10.2,2.8-20.3,2.9-30.4-0.4     c-12.2-4-20.3-12.3-25.2-23.9c-0.9-2.3-1.5-4.6-2.3-7h-9.6c-1.6,0-2.9-1.3-2.9-2.9v-6.4c0-1.6,1.3-2.9,2.9-2.9h7.9     c0-1.8,0-3.5,0-5.2h-7.9c-1.6,0-2.9-1.3-2.9-2.9v-6.4c0-1.6,1.3-2.9,2.9-2.9h10.1l0.3-1c2.7-8.6,7.4-16,14.6-21.5     c5.7-4.4,12.3-6.8,19.4-8c10.1-1.6,19.8-0.2,29.2,3.4c0.6,0.2,1.2,0.5,1.8,0.8c2.3,1.3,2.9,3,1.9,5.4c-1.1,2.6-2.1,5.1-3.3,7.6     c-1,2.2-2.4,2.9-4.7,2.3c-3.2-0.7-6.3-1.7-9.5-2.4c-6.7-1.4-13.4-1.4-20,1.1c-5.6,2.2-9.1,6.5-11.4,11.9c0,0.1,0,0.1,0,0.2h19.6     c1.6,0,2.9,1.3,2.9,2.9v6.4c0,1.6-1.3,2.9-2.9,2.9h-22.4c0,1.7,0,3.4,0,5.2h22.4c1.6,0,2.9,1.3,2.9,2.9v6.4     c0,1.6-1.3,2.9-2.9,2.9h-20.4c2.5,7.1,6.5,12.5,14,14.9c6,1.9,12.1,1.8,18.2,0.5c3.2-0.7,6.3-1.6,9.4-2.3     c2.5-0.6,3.8,0.1,4.8,2.4c1.2,2.5,2.3,5.1,3.3,7.7C353.365,443.413,352.665,445.313,350.265,446.413z\"><\/path>\t\t\t<\/g>\t\t<\/g>\t<\/g><\/g><g><\/g><g><\/g><g><\/g><g><\/g><g><\/g><g><\/g><g><\/g><g><\/g><g><\/g><g><\/g><g><\/g><g><\/g><g><\/g><g><\/g><g><\/g><\/svg>\t\t\t<\/div>\n\t\t<\/div>\n\t\t\t\t\t\t<\/div>\n\t\t\t\t<\/div>\n\t\t\t\t<div class=\"elementor-element elementor-element-b79f45d elementor-widget elementor-widget-text-editor\" data-id=\"b79f45d\" data-element_type=\"widget\" data-widget_type=\"text-editor.default\">\n\t\t\t\t<div class=\"elementor-widget-container\">\n\t\t\t\t\t\t\t\t\t<p><strong>MENTORING SPRZEDA\u017bOWY<\/strong> \u2013 je\u017celi rozpoczynasz przygod\u0119 ze sprzeda\u017c\u0105 lub rozwi\u0105zania kt\u00f3re stosujesz powoduj\u0105 spadek twoich wynik\u00f3w skorzystaj mojego do\u015bwiadczenia i dowiedz si\u0119 jak skutecznie:<\/p><p>&#8211; dotrze\u0107 do klienta,<\/p><p>&#8211; pozyskiwa\u0107 klienta przy wykorzystaniu telemarketingu,<\/p><p>&#8211; zbudowa\u0107 i utrzyma\u0107 portfel klienta,<\/p><p>&#8211; prowadzi\u0107 skuteczne rozmowy handlowe,<\/p><p>&#8211; prowadzi\u0107 negocjacje handlowe,<\/p><p>&#8211; efektywnie bada\u0107 potrzeby klienta,<\/p><p>&#8211; przekonywa\u0107 klienta do twojej propozycji,<\/p><p>&#8211; skutecznie stosowa\u0107 dosprzeda\u017c us\u0142ug ( up &#8211; sell i x- sell)<\/p><p>&#8211; zamyka\u0107 sprzeda\u017c,<\/p><p>&#8211; odpowiada\u0107 na obiekcje klienta,<\/p>\t\t\t\t\t\t\t\t<\/div>\n\t\t\t\t<\/div>\n\t\t\t\t\t<\/div>\n\t\t<\/div>\n\t\t\t\t<div class=\"elementor-column elementor-col-50 elementor-inner-column elementor-element elementor-element-129ccd9\" data-id=\"129ccd9\" data-element_type=\"column\">\n\t\t\t<div class=\"elementor-widget-wrap elementor-element-populated\">\n\t\t\t\t\t\t<div class=\"elementor-element elementor-element-08b8169 elementor-widget elementor-widget-image\" data-id=\"08b8169\" data-element_type=\"widget\" data-widget_type=\"image.default\">\n\t\t\t\t<div class=\"elementor-widget-container\">\n\t\t\t\t\t\t\t\t\t\t\t\t\t\t\t<img fetchpriority=\"high\" decoding=\"async\" width=\"732\" height=\"1024\" src=\"https:\/\/magdalenakedzia.pl\/wp-content\/uploads\/2022\/04\/5-mentoring-online-1-732x1024.jpg\" class=\"attachment-large size-large wp-image-317\" alt=\"\" srcset=\"https:\/\/magdalenakedzia.pl\/wp-content\/uploads\/2022\/04\/5-mentoring-online-1-732x1024.jpg 732w, https:\/\/magdalenakedzia.pl\/wp-content\/uploads\/2022\/04\/5-mentoring-online-1-214x300.jpg 214w, https:\/\/magdalenakedzia.pl\/wp-content\/uploads\/2022\/04\/5-mentoring-online-1-768x1075.jpg 768w, https:\/\/magdalenakedzia.pl\/wp-content\/uploads\/2022\/04\/5-mentoring-online-1-1097x1536.jpg 1097w, https:\/\/magdalenakedzia.pl\/wp-content\/uploads\/2022\/04\/5-mentoring-online-1.jpg 1463w\" sizes=\"(max-width: 732px) 100vw, 732px\" \/>\t\t\t\t\t\t\t\t\t\t\t\t\t\t\t<\/div>\n\t\t\t\t<\/div>\n\t\t\t\t\t<\/div>\n\t\t<\/div>\n\t\t\t\t\t<\/div>\n\t\t<\/section>\n\t\t\t\t\t<\/div>\n\t\t<\/div>\n\t\t\t\t\t<\/div>\n\t\t<\/section>\n\t\t\t\t<section class=\"elementor-section elementor-top-section elementor-element elementor-element-1ff09e2 elementor-section-boxed elementor-section-height-default elementor-section-height-default\" data-id=\"1ff09e2\" data-element_type=\"section\">\n\t\t\t\t\t\t\t<div class=\"elementor-background-overlay\"><\/div>\n\t\t\t\t\t\t\t<div class=\"elementor-container elementor-column-gap-default\">\n\t\t\t\t\t<div class=\"elementor-column elementor-col-50 elementor-top-column elementor-element elementor-element-38143af\" data-id=\"38143af\" data-element_type=\"column\">\n\t\t\t<div class=\"elementor-widget-wrap elementor-element-populated\">\n\t\t\t\t\t\t<div class=\"elementor-element elementor-element-1171330 elementor-widget elementor-widget-image\" data-id=\"1171330\" data-element_type=\"widget\" data-widget_type=\"image.default\">\n\t\t\t\t<div class=\"elementor-widget-container\">\n\t\t\t\t\t\t\t\t\t\t\t\t\t\t\t<img decoding=\"async\" width=\"472\" height=\"650\" src=\"https:\/\/magdalenakedzia.pl\/wp-content\/uploads\/2022\/04\/5-mentoring-online-3.png\" class=\"attachment-large size-large wp-image-315\" alt=\"\" srcset=\"https:\/\/magdalenakedzia.pl\/wp-content\/uploads\/2022\/04\/5-mentoring-online-3.png 472w, https:\/\/magdalenakedzia.pl\/wp-content\/uploads\/2022\/04\/5-mentoring-online-3-218x300.png 218w\" sizes=\"(max-width: 472px) 100vw, 472px\" \/>\t\t\t\t\t\t\t\t\t\t\t\t\t\t\t<\/div>\n\t\t\t\t<\/div>\n\t\t\t\t\t<\/div>\n\t\t<\/div>\n\t\t\t\t<div class=\"elementor-column elementor-col-50 elementor-top-column elementor-element elementor-element-55ecd8c\" data-id=\"55ecd8c\" data-element_type=\"column\">\n\t\t\t<div class=\"elementor-widget-wrap elementor-element-populated\">\n\t\t\t\t\t\t<div class=\"elementor-element elementor-element-1ff1608 elementor-view-default elementor-widget elementor-widget-icon\" data-id=\"1ff1608\" data-element_type=\"widget\" data-widget_type=\"icon.default\">\n\t\t\t\t<div class=\"elementor-widget-container\">\n\t\t\t\t\t\t\t<div class=\"elementor-icon-wrapper\">\n\t\t\t<div class=\"elementor-icon\">\n\t\t\t<svg xmlns=\"http:\/\/www.w3.org\/2000\/svg\" xmlns:xlink=\"http:\/\/www.w3.org\/1999\/xlink\" id=\"Layer_1\" x=\"0px\" y=\"0px\" viewBox=\"0 0 512 512\" style=\"enable-background:new 0 0 512 512;\" xml:space=\"preserve\"><g>\t<g>\t\t<path d=\"M305.977,330.413c-10.153-3.174-18.439-10.65-22.728-20.25H26.799V121.992h258.574c3.35-8.411,8.4-15.97,14.741-22.232   c-0.169-0.008-0.335-0.026-0.505-0.026H15.67c-6.145,0-11.129,4.982-11.129,11.129v210.43c0,6.146,4.983,11.129,11.129,11.129   h94.385l-49.632,86.696c-2.749,4.801-1.085,10.921,3.716,13.668c4.803,2.751,10.921,1.084,13.668-3.716l55.33-96.648h49.006   l55.329,96.648c2.749,4.803,8.869,6.464,13.668,3.716c4.8-2.748,6.465-8.867,3.716-13.668l-49.631-86.696h94.383   C301.978,332.422,304.172,331.675,305.977,330.413z\"><\/path>\t<\/g><\/g><g>\t<g>\t\t<path d=\"M400.357,0c-23.274,0-42.14,18.867-42.14,42.14c-0.001,23.316,18.919,42.141,42.14,42.141   c23.102,0,42.14-18.728,42.14-42.14C442.497,18.867,423.63,0,400.357,0z\"><\/path>\t<\/g><\/g><g>\t<g>\t\t<path d=\"M507.456,338.022c0-4.627-3.752-8.379-8.379-8.379h-3.547v-18.356c5.041-3.809,8.135-9.801,8.102-16.318l-0.75-149.38   c-0.134-26.399-21.719-47.876-48.118-47.876h-20.841c-2.663,6.959-22.349,58.386-25.206,65.85l5.943-27.995   c0.417-1.965,0.115-4.016-0.854-5.777l-8.161-14.843l7.256-13.195c1.081-1.964-0.344-4.377-2.589-4.377h-19.913   c-2.242,0-3.67,2.409-2.589,4.377l7.255,13.195l-8.191,14.898c-0.95,1.727-1.26,3.735-0.876,5.669l5.196,28.048   c-2.613-6.703-22.124-58.617-24.945-65.85h-20.644c-26.398,0-47.983,21.474-48.118,47.876l-0.752,149.379   c-0.057,11.23,9.002,20.379,20.231,20.435c0.035,0,0.07,0,0.105,0c11.182,0,20.274-9.037,20.331-20.231l0.751-149.379   c0.011-2.166,1.772-3.913,3.936-3.906c2.165,0.006,3.915,1.763,3.915,3.926c0.001,50.146,0.009,337.114,0.009,341.786   c0,13.476,10.924,24.4,24.4,24.4c13.476,0,24.4-10.924,24.4-24.4V292.571h10.534V487.6c0,13.476,10.924,24.4,24.4,24.4   c13.476,0,24.4-10.924,24.4-24.4v-41.561c-9.731-5.138-16.38-15.358-16.38-27.105v-80.912c0-11.748,6.651-21.967,16.38-27.105   c0-1.192-0.428-19.04-0.442-165.325c0-2.35,1.905-4.257,4.256-4.257s4.257,1.905,4.257,4.256c0,0.068-0.001,0.136-0.002,0.204   l0.75,149.38c0.036,6.938,3.626,13.101,8.876,16.69v17.779h-3.438c-4.627,0-8.379,3.752-8.379,8.379v80.912   c0,4.627,3.752,8.379,8.379,8.379h30.672c4.627,0,8.379-3.752,8.379-8.379v-80.912H507.456z\"><\/path>\t<\/g><\/g><g>\t<g>\t\t<path d=\"M257.615,245.729h-29.244c-2.168,0-3.926,1.757-3.926,3.926v39.5c0,2.168,1.757,3.926,3.926,3.926h29.244   c2.168,0,3.926-1.757,3.926-3.926v-39.5C261.542,247.487,259.784,245.729,257.615,245.729z\"><\/path>\t<\/g><\/g><g>\t<g>\t\t<path d=\"M200.116,216.077h-29.244c-2.168,0-3.926,1.757-3.926,3.926v69.151c0,2.168,1.757,3.926,3.926,3.926h29.244   c2.168,0,3.926-1.757,3.926-3.926v-69.151C204.042,217.835,202.285,216.077,200.116,216.077z\"><\/path>\t<\/g><\/g><g>\t<g>\t\t<path d=\"M142.617,186.641h-29.244c-2.168,0-3.926,1.757-3.926,3.926v98.587c0,2.168,1.757,3.926,3.926,3.926h29.244   c2.168,0,3.926-1.757,3.926-3.926v-98.587C146.543,188.4,144.786,186.641,142.617,186.641z\"><\/path>\t<\/g><\/g><g>\t<g>\t\t<path d=\"M85.119,153.762H55.873c-2.168,0-3.926,1.757-3.926,3.926v131.467c0,2.168,1.757,3.926,3.926,3.926h29.245v-0.001   c2.168,0,3.926-1.757,3.926-3.926V157.689C89.045,155.521,87.288,153.762,85.119,153.762z\"><\/path>\t<\/g><\/g><g><\/g><g><\/g><g><\/g><g><\/g><g><\/g><g><\/g><g><\/g><g><\/g><g><\/g><g><\/g><g><\/g><g><\/g><g><\/g><g><\/g><g><\/g><\/svg>\t\t\t<\/div>\n\t\t<\/div>\n\t\t\t\t\t\t<\/div>\n\t\t\t\t<\/div>\n\t\t\t\t<div class=\"elementor-element elementor-element-bcf2a54 elementor-widget elementor-widget-text-editor\" data-id=\"bcf2a54\" data-element_type=\"widget\" data-widget_type=\"text-editor.default\">\n\t\t\t\t<div class=\"elementor-widget-container\">\n\t\t\t\t\t\t\t\t\t<p><strong>MENTORING TRENERSKI <\/strong>\u2013 je\u017celi jeste\u015b pocz\u0105tkuj\u0105cym szkoleniowcem lub po przerwie w prowadzeniu szkole\u0144 chcesz wr\u00f3ci\u0107 na rynek us\u0142ug rozwojowych, potrzebujesz nowych sposob\u00f3w na znalezienie klienta na twoje us\u0142ugi, chcesz podnie\u015b\u0107 efektywno\u015b\u0107 twoich szkole\u0144, rozwin\u0105\u0107 umiej\u0119tno\u015bci prowadzenia warsztat\u00f3w zdalnie skorzystaj ze sprawdzonych rozwi\u0105za\u0144.<\/p><p>Z ch\u0119ci\u0105 podziel\u0119 si\u0119 moimi sposobami, kt\u00f3re wypr\u00f3bowa\u0142am podczas ponad 6000 h sp\u0119dzonych na prowadzeniu szkole\u0144 w tym ponad 1500 h w formie online. Podczas indywidualnej sesji mo\u017cesz m in. dowiedzie\u0107 si\u0119 jak;<\/p><p>&#8211; pozyskiwa\u0107 klient\u00f3w na us\u0142ugi szkoleniowe,<\/p><p>&#8211; przygotowa\u0107 ofert\u0119 us\u0142ug szkoleniowych,<\/p><p>&#8211; stworzy\u0107 skuteczne portfolio trenerskie,<\/p><p>&#8211; przygotowa\u0107 sampling szkolenia,<\/p><p>&#8211; aktywizowa\u0107 uczestnik\u00f3w szkole\u0144 online i offline,<\/p><p>&#8211; projektowa\u0107 programy rozwojowe,<\/p><p>&#8211; efektywnie bada\u0107 potrzeby szkoleniowe,<\/p><p>&#8211; podnosi\u0107 efektywno\u015b\u0107 szkole\u0144,<\/p><p>&#8211; wycenia\u0107 us\u0142ugi szkoleniowe,<\/p><p>&#8211; reagowa\u0107 na trudne sytuacje na sali szkoleniowej,<\/p><p>&#8211; przenie\u015b\u0107 szkolenia stacjonarne do wirtualnej sali.<\/p>\t\t\t\t\t\t\t\t<\/div>\n\t\t\t\t<\/div>\n\t\t\t\t\t<\/div>\n\t\t<\/div>\n\t\t\t\t\t<\/div>\n\t\t<\/section>\n\t\t\t\t<section class=\"elementor-section elementor-top-section elementor-element elementor-element-c8fde99 elementor-section-boxed elementor-section-height-default elementor-section-height-default\" data-id=\"c8fde99\" data-element_type=\"section\">\n\t\t\t\t\t\t\t<div class=\"elementor-background-overlay\"><\/div>\n\t\t\t\t\t\t\t<div class=\"elementor-container elementor-column-gap-default\">\n\t\t\t\t\t<div class=\"elementor-column elementor-col-100 elementor-top-column elementor-element elementor-element-830b5aa\" data-id=\"830b5aa\" data-element_type=\"column\">\n\t\t\t<div class=\"elementor-widget-wrap elementor-element-populated\">\n\t\t\t\t\t\t<div class=\"elementor-element elementor-element-3199aef elementor-widget elementor-widget-elementskit-heading\" data-id=\"3199aef\" data-element_type=\"widget\" data-widget_type=\"elementskit-heading.default\">\n\t\t\t\t<div class=\"elementor-widget-container\">\n\t\t\t\t\t<div class=\"ekit-wid-con\" ><div class=\"ekit-heading elementskit-section-title-wraper text_left   ekit_heading_tablet-   ekit_heading_mobile-\"><h2 class=\"ekit-heading--title elementskit-section-title \">Zadzwo\u0144  <span><span>692\u00a0560 093<\/span><\/span> <\/h2><\/div><\/div>\t\t\t\t<\/div>\n\t\t\t\t<\/div>\n\t\t\t\t<div class=\"elementor-element elementor-element-91349e4 elementor-widget elementor-widget-text-editor\" data-id=\"91349e4\" data-element_type=\"widget\" data-widget_type=\"text-editor.default\">\n\t\t\t\t<div class=\"elementor-widget-container\">\n\t\t\t\t\t\t\t\t\t<p>nie musisz ju\u017c samodzielnie szuka\u0107 rozwi\u0105za\u0144. Zapraszam na 1,5 h monitoringow\u0105 rozmow\u0119 telefoniczn\u0105. Napisz lub zadzwo\u0144 w trakcie bezp\u0142atnej sesji konsultacyjnej ustalimy program rozwojowy dopasowany do Twoich potrzeb.<\/p>\t\t\t\t\t\t\t\t<\/div>\n\t\t\t\t<\/div>\n\t\t\t\t\t<\/div>\n\t\t<\/div>\n\t\t\t\t\t<\/div>\n\t\t<\/section>\n\t\t\t\t<\/div>\n\t\t","protected":false},"excerpt":{"rendered":"<p>MENTORING eMKa Magdalena K\u0119dzia mentor coach trener \u2013 tw\u00f3j partner w rozwoju Dla kogo MENTORING? MENTORING\u00a0to kompleksowe narz\u0119dzie s\u0142u\u017c\u0105ce wspieraniu klienta w procesie nauki i rozwoju kompetencji. Spotkania odbywaj\u0105 si\u0119 w formie online i offline. Indywidualna rozmowa daje najwi\u0119kszy komfort pracy i jednocze\u015bnie pozwala na maksymalizacje efekt\u00f3w. Rozmawiam o twoich bie\u017c\u0105cych wyzwaniach i szukam rozwi\u0105zania, [&hellip;]<\/p>\n","protected":false},"author":1,"featured_media":0,"parent":0,"menu_order":0,"comment_status":"closed","ping_status":"closed","template":"elementor_header_footer","meta":{"footnotes":""},"class_list":["post-313","page","type-page","status-publish","hentry"],"_links":{"self":[{"href":"https:\/\/magdalenakedzia.pl\/index.php\/wp-json\/wp\/v2\/pages\/313","targetHints":{"allow":["GET"]}}],"collection":[{"href":"https:\/\/magdalenakedzia.pl\/index.php\/wp-json\/wp\/v2\/pages"}],"about":[{"href":"https:\/\/magdalenakedzia.pl\/index.php\/wp-json\/wp\/v2\/types\/page"}],"author":[{"embeddable":true,"href":"https:\/\/magdalenakedzia.pl\/index.php\/wp-json\/wp\/v2\/users\/1"}],"replies":[{"embeddable":true,"href":"https:\/\/magdalenakedzia.pl\/index.php\/wp-json\/wp\/v2\/comments?post=313"}],"version-history":[{"count":31,"href":"https:\/\/magdalenakedzia.pl\/index.php\/wp-json\/wp\/v2\/pages\/313\/revisions"}],"predecessor-version":[{"id":802,"href":"https:\/\/magdalenakedzia.pl\/index.php\/wp-json\/wp\/v2\/pages\/313\/revisions\/802"}],"wp:attachment":[{"href":"https:\/\/magdalenakedzia.pl\/index.php\/wp-json\/wp\/v2\/media?parent=313"}],"curies":[{"name":"wp","href":"https:\/\/api.w.org\/{rel}","templated":true}]}}