{"id":296,"date":"2022-04-26T22:06:32","date_gmt":"2022-04-26T20:06:32","guid":{"rendered":"http:\/\/magdalenakedzia.pl\/?page_id=296"},"modified":"2026-03-30T14:34:29","modified_gmt":"2026-03-30T12:34:29","slug":"maxiedisc","status":"publish","type":"page","link":"https:\/\/magdalenakedzia.pl\/index.php\/maxiedisc\/","title":{"rendered":"MaxieDISC"},"content":{"rendered":"\t\t<div data-elementor-type=\"wp-page\" data-elementor-id=\"296\" class=\"elementor elementor-296\" data-elementor-post-type=\"page\">\n\t\t\t\t\t\t<section class=\"elementor-section elementor-top-section elementor-element elementor-element-b2e87f7 elementor-section-boxed elementor-section-height-default elementor-section-height-default\" data-id=\"b2e87f7\" data-element_type=\"section\" data-settings=\"{&quot;background_background&quot;:&quot;classic&quot;}\">\n\t\t\t\t\t\t<div class=\"elementor-container elementor-column-gap-default\">\n\t\t\t\t\t<div class=\"elementor-column elementor-col-100 elementor-top-column elementor-element elementor-element-a0c2d71\" data-id=\"a0c2d71\" data-element_type=\"column\">\n\t\t\t<div class=\"elementor-widget-wrap elementor-element-populated\">\n\t\t\t\t\t\t<div class=\"elementor-element elementor-element-8fc7d54 elementor-widget elementor-widget-elementskit-heading\" data-id=\"8fc7d54\" data-element_type=\"widget\" data-widget_type=\"elementskit-heading.default\">\n\t\t\t\t<div class=\"elementor-widget-container\">\n\t\t\t\t\t<div class=\"ekit-wid-con\" ><div class=\"ekit-heading elementskit-section-title-wraper text_left   ekit_heading_tablet-   ekit_heading_mobile-\"><h2 class=\"ekit-heading--title elementskit-section-title \">MaxieDISC\u00ae<\/h2><\/div><\/div>\t\t\t\t<\/div>\n\t\t\t\t<\/div>\n\t\t\t\t\t<\/div>\n\t\t<\/div>\n\t\t\t\t\t<\/div>\n\t\t<\/section>\n\t\t\t\t<section class=\"elementor-section elementor-top-section elementor-element elementor-element-826123e elementor-section-boxed elementor-section-height-default elementor-section-height-default\" data-id=\"826123e\" data-element_type=\"section\">\n\t\t\t\t\t\t\t<div class=\"elementor-background-overlay\"><\/div>\n\t\t\t\t\t\t\t<div class=\"elementor-container elementor-column-gap-default\">\n\t\t\t\t\t<div class=\"elementor-column elementor-col-100 elementor-top-column elementor-element elementor-element-7a2491f\" data-id=\"7a2491f\" data-element_type=\"column\">\n\t\t\t<div class=\"elementor-widget-wrap elementor-element-populated\">\n\t\t\t\t\t\t<div class=\"elementor-element elementor-element-f321ea9 elementor-widget elementor-widget-elementskit-heading\" data-id=\"f321ea9\" data-element_type=\"widget\" data-widget_type=\"elementskit-heading.default\">\n\t\t\t\t<div class=\"elementor-widget-container\">\n\t\t\t\t\t<div class=\"ekit-wid-con\" ><div class=\"ekit-heading elementskit-section-title-wraper text_left   ekit_heading_tablet-   ekit_heading_mobile-\"><h2 class=\"ekit-heading--title elementskit-section-title \"><span><span>eMKa Magdalena K\u0119dzia <\/span><\/span> mentor coach trener \u2013 tw\u00f3j partner w rozwoju<\/h2><\/div><\/div>\t\t\t\t<\/div>\n\t\t\t\t<\/div>\n\t\t\t\t<div class=\"elementor-element elementor-element-589a854 elementor-widget elementor-widget-elementskit-heading\" data-id=\"589a854\" data-element_type=\"widget\" data-widget_type=\"elementskit-heading.default\">\n\t\t\t\t<div class=\"elementor-widget-container\">\n\t\t\t\t\t<div class=\"ekit-wid-con\" ><div class=\"ekit-heading elementskit-section-title-wraper text_left   ekit_heading_tablet-   ekit_heading_mobile-\"><h2 class=\"ekit-heading--title elementskit-section-title \">Co to jest <span><span>MaxieDISC\u00ae?<\/span><\/span> <\/h2><\/div><\/div>\t\t\t\t<\/div>\n\t\t\t\t<\/div>\n\t\t\t\t<div class=\"elementor-element elementor-element-b04c1e4 elementor-widget elementor-widget-text-editor\" data-id=\"b04c1e4\" data-element_type=\"widget\" data-widget_type=\"text-editor.default\">\n\t\t\t\t<div class=\"elementor-widget-container\">\n\t\t\t\t\t\t\t\t\t<p><strong>MaxieDISC\u00ae<\/strong>\u00a0 to system oparty o model DISC s\u0142u\u017c\u0105cy osi\u0105ganiu lepszych wynik\u00f3w w biznesie i \u017cyciu prywatnym. Model DISC s\u0142u\u017cy do opisu ludzkich zachowa\u0144. Wed\u0142ug metodologii DISC istniej\u0105 4 style zachowa\u0144 ludzi, kt\u00f3re mo\u017cna zmierzy\u0107 i zbada\u0107. Ka\u017cdy z nas u\u017cywa w swoim \u017cyciu najcz\u0119\u015bciej 2 lub 3 style zachowa\u0144 i jednocze\u015bnie ka\u017cdy z nas ma sw\u00f3j preferowany (przewa\u017caj\u0105cy) styl. Znaj\u0105c sw\u00f3j preferowany styl zachowania, mo\u017cesz znacz\u0105co usprawni\u0107 swoj\u0105 komunikacj\u0119, zwi\u0119kszy\u0107 efektywno\u015b\u0107 zawodow\u0105, poprawi\u0107 relacje w biznesie i \u017cyciu osobistym.<\/p>\t\t\t\t\t\t\t\t<\/div>\n\t\t\t\t<\/div>\n\t\t\t\t\t<\/div>\n\t\t<\/div>\n\t\t\t\t\t<\/div>\n\t\t<\/section>\n\t\t\t\t<section class=\"elementor-section elementor-top-section elementor-element elementor-element-1acd07a4 elementor-section-boxed elementor-section-height-default elementor-section-height-default\" data-id=\"1acd07a4\" data-element_type=\"section\">\n\t\t\t\t\t\t\t<div class=\"elementor-background-overlay\"><\/div>\n\t\t\t\t\t\t\t<div class=\"elementor-container elementor-column-gap-default\">\n\t\t\t\t\t<div class=\"elementor-column elementor-col-100 elementor-top-column elementor-element elementor-element-68d0d01\" data-id=\"68d0d01\" data-element_type=\"column\">\n\t\t\t<div class=\"elementor-widget-wrap elementor-element-populated\">\n\t\t\t\t\t\t<section class=\"elementor-section elementor-inner-section elementor-element elementor-element-2236a995 elementor-section-boxed elementor-section-height-default elementor-section-height-default\" data-id=\"2236a995\" data-element_type=\"section\" data-settings=\"{&quot;background_background&quot;:&quot;classic&quot;}\">\n\t\t\t\t\t\t<div class=\"elementor-container elementor-column-gap-default\">\n\t\t\t\t\t<div class=\"elementor-column elementor-col-50 elementor-inner-column elementor-element elementor-element-3e12c9dd\" data-id=\"3e12c9dd\" data-element_type=\"column\">\n\t\t\t<div class=\"elementor-widget-wrap elementor-element-populated\">\n\t\t\t\t\t\t<div class=\"elementor-element elementor-element-fb44029 elementor-widget elementor-widget-text-editor\" data-id=\"fb44029\" data-element_type=\"widget\" data-widget_type=\"text-editor.default\">\n\t\t\t\t<div class=\"elementor-widget-container\">\n\t\t\t\t\t\t\t\t\t<p><strong>System MaxieDISC\u00ae zawiera:<\/strong><\/p><p><br \/>&#8211; diagnoz\u0119 styl\u00f3w zachowa\u0144 \u2013 przy pomocy indywidualnego testu DISC online, opisanych w formie raportu styl\u00f3w zachowa\u0144 MaxieDISC\u00ae<\/p><p><br \/>&#8211; 1 h sesji obja\u015bniaj\u0105cej wyniki raportu (online, telefonicznie lub podczas spotkania).<\/p>\t\t\t\t\t\t\t\t<\/div>\n\t\t\t\t<\/div>\n\t\t\t\t\t<\/div>\n\t\t<\/div>\n\t\t\t\t<div class=\"elementor-column elementor-col-50 elementor-inner-column elementor-element elementor-element-129ccd9\" data-id=\"129ccd9\" data-element_type=\"column\">\n\t\t\t<div class=\"elementor-widget-wrap elementor-element-populated\">\n\t\t\t\t\t\t<div class=\"elementor-element elementor-element-08b8169 elementor-widget elementor-widget-image\" data-id=\"08b8169\" data-element_type=\"widget\" data-widget_type=\"image.default\">\n\t\t\t\t<div class=\"elementor-widget-container\">\n\t\t\t\t\t\t\t\t\t\t\t\t\t\t\t<img fetchpriority=\"high\" decoding=\"async\" width=\"800\" height=\"456\" src=\"https:\/\/magdalenakedzia.pl\/wp-content\/uploads\/2022\/04\/3-certyfikacja-Maxiedisc-3-1024x584.png\" class=\"attachment-large size-large wp-image-299\" alt=\"\" srcset=\"https:\/\/magdalenakedzia.pl\/wp-content\/uploads\/2022\/04\/3-certyfikacja-Maxiedisc-3-1024x584.png 1024w, https:\/\/magdalenakedzia.pl\/wp-content\/uploads\/2022\/04\/3-certyfikacja-Maxiedisc-3-300x171.png 300w, https:\/\/magdalenakedzia.pl\/wp-content\/uploads\/2022\/04\/3-certyfikacja-Maxiedisc-3-768x438.png 768w, https:\/\/magdalenakedzia.pl\/wp-content\/uploads\/2022\/04\/3-certyfikacja-Maxiedisc-3.png 1037w\" sizes=\"(max-width: 800px) 100vw, 800px\" \/>\t\t\t\t\t\t\t\t\t\t\t\t\t\t\t<\/div>\n\t\t\t\t<\/div>\n\t\t\t\t\t<\/div>\n\t\t<\/div>\n\t\t\t\t\t<\/div>\n\t\t<\/section>\n\t\t\t\t\t<\/div>\n\t\t<\/div>\n\t\t\t\t\t<\/div>\n\t\t<\/section>\n\t\t\t\t<section class=\"elementor-section elementor-top-section elementor-element elementor-element-1ff09e2 elementor-section-boxed elementor-section-height-default elementor-section-height-default\" data-id=\"1ff09e2\" data-element_type=\"section\">\n\t\t\t\t\t\t\t<div class=\"elementor-background-overlay\"><\/div>\n\t\t\t\t\t\t\t<div class=\"elementor-container elementor-column-gap-default\">\n\t\t\t\t\t<div class=\"elementor-column elementor-col-50 elementor-top-column elementor-element elementor-element-38143af\" data-id=\"38143af\" data-element_type=\"column\">\n\t\t\t<div class=\"elementor-widget-wrap elementor-element-populated\">\n\t\t\t\t\t\t<div class=\"elementor-element elementor-element-68e178c elementor-widget elementor-widget-image\" data-id=\"68e178c\" data-element_type=\"widget\" data-widget_type=\"image.default\">\n\t\t\t\t<div class=\"elementor-widget-container\">\n\t\t\t\t\t\t\t\t\t\t\t\t\t\t\t<img decoding=\"async\" width=\"800\" height=\"575\" src=\"https:\/\/magdalenakedzia.pl\/wp-content\/uploads\/2022\/04\/3-Certyfikacja-MaxieDisc-2-1024x736.jpg\" class=\"attachment-large size-large wp-image-298\" alt=\"\" srcset=\"https:\/\/magdalenakedzia.pl\/wp-content\/uploads\/2022\/04\/3-Certyfikacja-MaxieDisc-2-1024x736.jpg 1024w, https:\/\/magdalenakedzia.pl\/wp-content\/uploads\/2022\/04\/3-Certyfikacja-MaxieDisc-2-300x216.jpg 300w, https:\/\/magdalenakedzia.pl\/wp-content\/uploads\/2022\/04\/3-Certyfikacja-MaxieDisc-2-768x552.jpg 768w, https:\/\/magdalenakedzia.pl\/wp-content\/uploads\/2022\/04\/3-Certyfikacja-MaxieDisc-2-1536x1105.jpg 1536w, https:\/\/magdalenakedzia.pl\/wp-content\/uploads\/2022\/04\/3-Certyfikacja-MaxieDisc-2-2048x1473.jpg 2048w\" sizes=\"(max-width: 800px) 100vw, 800px\" \/>\t\t\t\t\t\t\t\t\t\t\t\t\t\t\t<\/div>\n\t\t\t\t<\/div>\n\t\t\t\t\t<\/div>\n\t\t<\/div>\n\t\t\t\t<div class=\"elementor-column elementor-col-50 elementor-top-column elementor-element elementor-element-55ecd8c\" data-id=\"55ecd8c\" data-element_type=\"column\">\n\t\t\t<div class=\"elementor-widget-wrap elementor-element-populated\">\n\t\t\t\t\t\t<div class=\"elementor-element elementor-element-b79f45d elementor-widget elementor-widget-text-editor\" data-id=\"b79f45d\" data-element_type=\"widget\" data-widget_type=\"text-editor.default\">\n\t\t\t\t<div class=\"elementor-widget-container\">\n\t\t\t\t\t\t\t\t\t<p><strong>Jak wykorzysta\u0107 system MaxieDISC\u00ae ?<\/strong><br \/>Od ponad 5 lat jako certyfikowany trener i konsultant oraz coach, mentor i konsultant biznesowy systemu MaxieDISC\u00ae pomagam klientom pozna\u0107 i wykorzysta\u0107 system MaxieDISC\u00ae do:<\/p><p>\u2022 zwi\u0119kszania dochod\u00f3w ze sprzeda\u017cy<\/p><p>\u2022 wzrostu efektywno\u015bci dzia\u0142a\u0144 menad\u017cerskich<\/p><p>\u2022 budowania skutecznie dzia\u0142aj\u0105cych zespo\u0142\u00f3w<\/p><p>\u2022 usprawniania komunikacji i relacji w zespo\u0142ach<\/p><p>\u2022 poprawy skuteczno\u015bci rekrutacji\u00a0<\/p><p>\u2022 poprawy jako\u015bci \u017cycia osobistego<\/p>\t\t\t\t\t\t\t\t<\/div>\n\t\t\t\t<\/div>\n\t\t\t\t\t<\/div>\n\t\t<\/div>\n\t\t\t\t\t<\/div>\n\t\t<\/section>\n\t\t\t\t<section class=\"elementor-section elementor-top-section elementor-element elementor-element-3d405e5 elementor-section-boxed elementor-section-height-default elementor-section-height-default\" data-id=\"3d405e5\" data-element_type=\"section\">\n\t\t\t\t\t\t\t<div class=\"elementor-background-overlay\"><\/div>\n\t\t\t\t\t\t\t<div class=\"elementor-container elementor-column-gap-default\">\n\t\t\t\t\t<div class=\"elementor-column elementor-col-50 elementor-top-column elementor-element elementor-element-20e21db\" data-id=\"20e21db\" data-element_type=\"column\">\n\t\t\t<div class=\"elementor-widget-wrap elementor-element-populated\">\n\t\t\t\t\t\t<div class=\"elementor-element elementor-element-bcf2a54 elementor-widget elementor-widget-text-editor\" data-id=\"bcf2a54\" data-element_type=\"widget\" data-widget_type=\"text-editor.default\">\n\t\t\t\t<div class=\"elementor-widget-container\">\n\t\t\t\t\t\t\t\t\t<p>Je\u017celi chcesz pozna\u0107 sw\u00f3j preferowany styl zachowania i pozna\u0107 model DISC mo\u017cesz skorzysta\u0107 z r\u00f3\u017cnych program\u00f3w rozwojowych z wykorzystaniem systemu MaxieDISC\u00ae takich jak:<\/p><p><br \/>&#8211; <strong>INDYWIDUALNA SESJA ROZWOJOWA<\/strong> (zawiera test DISC, raport styl\u00f3w zachowa\u0144 MaxieDISC\u00ae i 1 h sesje om\u00f3wienia wynik\u00f3w raportu)\u00a0<\/p><p><br \/>&#8211; <strong>MENTORING<\/strong> KONSULTANT\u00d3W (sesja 1h przygotowuj\u0105ca do egzaminu na konsultanta MaxieDISC\u00ae)<\/p><p><br \/>&#8211; <strong>SZKOLENIA INDYWIDUALNE<\/strong> (dla handlowc\u00f3w, menad\u017cer\u00f3w, pracownik\u00f3w dzia\u0142u HR, nauczycieli, coach\u00f3w, trener\u00f3w, przedsi\u0119biorc\u00f3w)<\/p><p><br \/>&#8211; <strong>COACHING ZESPO\u0141U TEAM COACHING<\/strong> (dla nowotworzonych zespo\u0142\u00f3w, zespo\u0142\u00f3w w kryzysie czy stagnacji)<\/p><p><br \/>&#8211; <strong>WARSZTATY SPRZEDA\u017bOWE<\/strong> (rozwijaj\u0105cych kompetencje sprzedawc\u00f3w, handlowc\u00f3w i os\u00f3b zarz\u0105dzaj\u0105cych sprzeda\u017c\u0105)<\/p><p><br \/>&#8211; <strong>WARSZTATY MENAD\u017bERSKIE<\/strong> (rozwijaj\u0105ce kompetencje dla przysz\u0142ych i obecnych menad\u017cer\u00f3w oraz w\u0142a\u015bcicieli firm)\u00a0<\/p><p><br \/>&#8211; <strong>WARSZTATY COACHINGOWE<\/strong> (rozwijaj\u0105ce kompetencje dla pocz\u0105tkuj\u0105cych i coach\u00f3w z do\u015bwiadczeniem)<\/p><p><br \/>&#8211; <strong>KONSULTACJE BIZNESOWE DLA FIRM<\/strong><\/p><p><br \/>&#8211; <strong>SZKOLENIA CERTYFIKUJ\u0104CE DLA KONSULTANTA MaxieDISC\u00ae<\/strong> (dla coach\u00f3w, trener\u00f3w, psycholog\u00f3w, pracownik\u00f3w dzia\u0142u HR i tych kt\u00f3rzy chc\u0105 korzysta\u0107 z systemu MaxieDISC\u00ae swojej pracy z klientem) wi\u0119cej o certyfikacji znajdziesz tutaj https:\/\/maxiedisc.com\/certyfikacja-konsultanta-maxie-disc-q\/<\/p>\t\t\t\t\t\t\t\t<\/div>\n\t\t\t\t<\/div>\n\t\t\t\t\t<\/div>\n\t\t<\/div>\n\t\t\t\t<div class=\"elementor-column elementor-col-50 elementor-top-column elementor-element elementor-element-3254935\" data-id=\"3254935\" data-element_type=\"column\">\n\t\t\t<div class=\"elementor-widget-wrap elementor-element-populated\">\n\t\t\t\t\t\t<div class=\"elementor-element elementor-element-04bf7a3 elementor-widget elementor-widget-image\" data-id=\"04bf7a3\" data-element_type=\"widget\" data-widget_type=\"image.default\">\n\t\t\t\t<div class=\"elementor-widget-container\">\n\t\t\t\t\t\t\t\t\t\t\t\t\t\t\t<img decoding=\"async\" width=\"668\" height=\"1000\" src=\"https:\/\/magdalenakedzia.pl\/wp-content\/uploads\/2022\/04\/3-Certyfikacja-Maxiedisc-1.jpg\" class=\"attachment-large size-large wp-image-297\" alt=\"\" srcset=\"https:\/\/magdalenakedzia.pl\/wp-content\/uploads\/2022\/04\/3-Certyfikacja-Maxiedisc-1.jpg 668w, https:\/\/magdalenakedzia.pl\/wp-content\/uploads\/2022\/04\/3-Certyfikacja-Maxiedisc-1-200x300.jpg 200w\" sizes=\"(max-width: 668px) 100vw, 668px\" \/>\t\t\t\t\t\t\t\t\t\t\t\t\t\t\t<\/div>\n\t\t\t\t<\/div>\n\t\t\t\t\t<\/div>\n\t\t<\/div>\n\t\t\t\t\t<\/div>\n\t\t<\/section>\n\t\t\t\t<section class=\"elementor-section elementor-top-section elementor-element elementor-element-f46f8a5 elementor-section-boxed elementor-section-height-default elementor-section-height-default\" data-id=\"f46f8a5\" data-element_type=\"section\">\n\t\t\t\t\t\t\t<div class=\"elementor-background-overlay\"><\/div>\n\t\t\t\t\t\t\t<div class=\"elementor-container elementor-column-gap-default\">\n\t\t\t\t\t<div class=\"elementor-column elementor-col-100 elementor-top-column elementor-element elementor-element-bca8ba6\" data-id=\"bca8ba6\" data-element_type=\"column\">\n\t\t\t<div class=\"elementor-widget-wrap elementor-element-populated\">\n\t\t\t\t\t\t<div class=\"elementor-element elementor-element-115630b elementor-widget elementor-widget-elementskit-heading\" data-id=\"115630b\" data-element_type=\"widget\" data-widget_type=\"elementskit-heading.default\">\n\t\t\t\t<div class=\"elementor-widget-container\">\n\t\t\t\t\t<div class=\"ekit-wid-con\" ><div class=\"ekit-heading elementskit-section-title-wraper text_center   ekit_heading_tablet-   ekit_heading_mobile-\"><h2 class=\"ekit-heading--title elementskit-section-title \">Program Certyfikacji Konsultanta MaxieDISC <\/h2><\/div><\/div>\t\t\t\t<\/div>\n\t\t\t\t<\/div>\n\t\t\t\t<section class=\"elementor-section elementor-inner-section elementor-element elementor-element-d00c62f elementor-section-boxed elementor-section-height-default elementor-section-height-default\" data-id=\"d00c62f\" data-element_type=\"section\">\n\t\t\t\t\t\t<div class=\"elementor-container elementor-column-gap-default\">\n\t\t\t\t\t<div class=\"elementor-column elementor-col-100 elementor-inner-column elementor-element elementor-element-b70490e\" data-id=\"b70490e\" data-element_type=\"column\">\n\t\t\t<div class=\"elementor-widget-wrap elementor-element-populated\">\n\t\t\t\t\t\t<div class=\"elementor-element elementor-element-1c1420f elementor-view-default elementor-position-top elementor-mobile-position-top elementor-widget elementor-widget-icon-box\" data-id=\"1c1420f\" data-element_type=\"widget\" data-widget_type=\"icon-box.default\">\n\t\t\t\t<div class=\"elementor-widget-container\">\n\t\t\t\t\t\t\t<div class=\"elementor-icon-box-wrapper\">\n\n\t\t\t\t\t\t<div class=\"elementor-icon-box-icon\">\n\t\t\t\t<a href=\"https:\/\/magdalenakedzia.pl\/wp-content\/uploads\/2026\/03\/PROGRAM-CERTYFIKACJI-MAXIEDISC.pdf\" class=\"elementor-icon\" tabindex=\"-1\" aria-label=\"POBIERZ\">\n\t\t\t\t<i aria-hidden=\"true\" class=\"far fa-file-pdf\"><\/i>\t\t\t\t<\/a>\n\t\t\t<\/div>\n\t\t\t\n\t\t\t\t\t\t<div class=\"elementor-icon-box-content\">\n\n\t\t\t\t\t\t\t\t\t<h3 class=\"elementor-icon-box-title\">\n\t\t\t\t\t\t<a href=\"https:\/\/magdalenakedzia.pl\/wp-content\/uploads\/2026\/03\/PROGRAM-CERTYFIKACJI-MAXIEDISC.pdf\" >\n\t\t\t\t\t\t\tPOBIERZ\t\t\t\t\t\t<\/a>\n\t\t\t\t\t<\/h3>\n\t\t\t\t\n\t\t\t\t\n\t\t\t<\/div>\n\t\t\t\n\t\t<\/div>\n\t\t\t\t\t\t<\/div>\n\t\t\t\t<\/div>\n\t\t\t\t\t<\/div>\n\t\t<\/div>\n\t\t\t\t\t<\/div>\n\t\t<\/section>\n\t\t\t\t\t<\/div>\n\t\t<\/div>\n\t\t\t\t\t<\/div>\n\t\t<\/section>\n\t\t\t\t<section class=\"elementor-section elementor-top-section elementor-element elementor-element-441875c elementor-section-boxed elementor-section-height-default elementor-section-height-default\" data-id=\"441875c\" data-element_type=\"section\">\n\t\t\t\t\t\t\t<div class=\"elementor-background-overlay\"><\/div>\n\t\t\t\t\t\t\t<div class=\"elementor-container elementor-column-gap-default\">\n\t\t\t\t\t<div class=\"elementor-column elementor-col-100 elementor-top-column elementor-element elementor-element-ca3323f\" data-id=\"ca3323f\" data-element_type=\"column\">\n\t\t\t<div class=\"elementor-widget-wrap elementor-element-populated\">\n\t\t\t\t\t\t<div class=\"elementor-element elementor-element-603e01d elementor-widget elementor-widget-text-editor\" data-id=\"603e01d\" data-element_type=\"widget\" data-widget_type=\"text-editor.default\">\n\t\t\t\t<div class=\"elementor-widget-container\">\n\t\t\t\t\t\t\t\t\t<p><strong>Co zawiera program Certyfikowany Konsultant MaxieDISC\u00ae:<\/strong><\/p><ol><li><strong>2 dni szkolenia certyfikacyjnego<\/strong> <strong>MaxieDISC\u00ae<\/strong> w formie online, stacjonarnie lub jako indywidualny trening. Otrzymasz wiedz\u0119 modelu i gotowe i sprawdzone pomys\u0142y na jego zastosowanie.<\/li><li>Du\u017c\u0105 dawk\u0119 wiedzy w postaci szkolenia certyfikacyjnego, <strong>materia\u0142\u00f3w drukowanych<\/strong>, <strong>kurs\u00f3w online<\/strong> oraz <strong>dost\u0119pu do platformy<\/strong> \u0142\u0105cz\u0105cej Konsultant\u00f3w.<\/li><li>Praktyczne przygotowanie w postaci <strong>3 sesji mentorskich<\/strong> (w tym jedn\u0105 z tw\u00f3rcami narz\u0119dzia),<\/li><li><strong>10 diagnoz MaxieDISC\u00ae<\/strong> na start do w\u0142asnego wykorzystania (o warto\u015bci rynkowej 2500 PLN).<\/li><li><strong>Diagnoz\u0119<\/strong> <strong>MaxieDISC\u00ae<\/strong> dla siebie z sesj\u0105 obja\u015bniaj\u0105c\u0105. Przekonasz si\u0119 jak dzia\u0142a <strong>MaxieDISC\u00ae<\/strong> w po\u0142\u0105czeniu z sesj\u0105 informacji zwrotnej. Do\u015bwiadczysz jej rozwojowego i u\u015bwiadamiaj\u0105cego wp\u0142ywu \u2013 w\u0142a\u015bnie tak mo\u017cesz pomaga\u0107 swoim klientom.<\/li><li>Metodyk\u0119 prowadzenia szkole\u0144. Je\u015bli jeste\u015b lub chcesz zosta\u0107 trenerem podczas szkolenia poznasz metodyk\u0119 i narz\u0119dzia do prowadzenia szkole\u0144 opartych <strong>MaxieDISC\u00ae r\u00f3wnie\u017c online.<\/strong><\/li><li>Precyzyjn\u0105 i skuteczn\u0105 <strong>instrukcj\u0119 do diagnoz.<\/strong> \u0141atwo mo\u017cna rozpocz\u0105\u0107 prowadzenie sesji w oparciu o diagnoz\u0119 <strong>MaxieDISC\u00ae<\/strong> z profesjonaln\u0105 instrukcj\u0105 prowadzenia feedbacku krok po kroku.<\/li><\/ol>\t\t\t\t\t\t\t\t<\/div>\n\t\t\t\t<\/div>\n\t\t\t\t\t<\/div>\n\t\t<\/div>\n\t\t\t\t\t<\/div>\n\t\t<\/section>\n\t\t\t\t<\/div>\n\t\t","protected":false},"excerpt":{"rendered":"<p>MaxieDISC\u00ae eMKa Magdalena K\u0119dzia mentor coach trener \u2013 tw\u00f3j partner w rozwoju Co to jest MaxieDISC\u00ae? MaxieDISC\u00ae\u00a0 to system oparty o model DISC s\u0142u\u017c\u0105cy osi\u0105ganiu lepszych wynik\u00f3w w biznesie i \u017cyciu prywatnym. Model DISC s\u0142u\u017cy do opisu ludzkich zachowa\u0144. Wed\u0142ug metodologii DISC istniej\u0105 4 style zachowa\u0144 ludzi, kt\u00f3re mo\u017cna zmierzy\u0107 i zbada\u0107. Ka\u017cdy z nas [&hellip;]<\/p>\n","protected":false},"author":1,"featured_media":0,"parent":0,"menu_order":0,"comment_status":"closed","ping_status":"closed","template":"elementor_header_footer","meta":{"footnotes":""},"class_list":["post-296","page","type-page","status-publish","hentry"],"_links":{"self":[{"href":"https:\/\/magdalenakedzia.pl\/index.php\/wp-json\/wp\/v2\/pages\/296","targetHints":{"allow":["GET"]}}],"collection":[{"href":"https:\/\/magdalenakedzia.pl\/index.php\/wp-json\/wp\/v2\/pages"}],"about":[{"href":"https:\/\/magdalenakedzia.pl\/index.php\/wp-json\/wp\/v2\/types\/page"}],"author":[{"embeddable":true,"href":"https:\/\/magdalenakedzia.pl\/index.php\/wp-json\/wp\/v2\/users\/1"}],"replies":[{"embeddable":true,"href":"https:\/\/magdalenakedzia.pl\/index.php\/wp-json\/wp\/v2\/comments?post=296"}],"version-history":[{"count":46,"href":"https:\/\/magdalenakedzia.pl\/index.php\/wp-json\/wp\/v2\/pages\/296\/revisions"}],"predecessor-version":[{"id":894,"href":"https:\/\/magdalenakedzia.pl\/index.php\/wp-json\/wp\/v2\/pages\/296\/revisions\/894"}],"wp:attachment":[{"href":"https:\/\/magdalenakedzia.pl\/index.php\/wp-json\/wp\/v2\/media?parent=296"}],"curies":[{"name":"wp","href":"https:\/\/api.w.org\/{rel}","templated":true}]}}